{"id":2043,"date":"2018-12-06T15:14:38","date_gmt":"2018-12-06T14:14:38","guid":{"rendered":"https:\/\/www.city-bird.com\/?page_id=2043"},"modified":"2024-08-01T15:30:12","modified_gmt":"2024-08-01T13:30:12","slug":"gare-montparnasse-orly","status":"publish","type":"page","link":"https:\/\/www.city-bird.com\/en\/gare-montparnasse-orly\/","title":{"rendered":"Gare Montparnasse &#8211; Orly en Taxi Moto"},"content":{"rendered":"<div data-elementor-type=\"wp-post\" data-elementor-id=\"2043\" class=\"elementor elementor-2043\">\n\t\t\t\t\t\t<section class=\"elementor-section elementor-top-section elementor-element elementor-element-3e05daa elementor-section-full_width elementor-section-height-default elementor-section-height-default\" data-id=\"3e05daa\" data-element_type=\"section\" data-settings=\"{&quot;background_background&quot;:&quot;classic&quot;}\">\n\t\t\t\t\t\t<div class=\"elementor-container elementor-column-gap-no\">\n\t\t\t\t\t<div class=\"elementor-column elementor-col-100 elementor-top-column elementor-element elementor-element-57394db\" data-id=\"57394db\" data-element_type=\"column\">\n\t\t\t<div class=\"elementor-widget-wrap elementor-element-populated\">\n\t\t\t\t\t\t<section class=\"elementor-section elementor-inner-section elementor-element elementor-element-58a0c26 elementor-section-full_width elementor-section-height-default elementor-section-height-default\" data-id=\"58a0c26\" data-element_type=\"section\">\n\t\t\t\t\t\t<div class=\"elementor-container elementor-column-gap-no\">\n\t\t\t\t\t<div class=\"elementor-column elementor-col-50 elementor-inner-column elementor-element elementor-element-8b0def0\" data-id=\"8b0def0\" data-element_type=\"column\">\n\t\t\t<div class=\"elementor-widget-wrap elementor-element-populated\">\n\t\t\t\t\t\t<div class=\"elementor-element elementor-element-3789487 elementor-widget elementor-widget-spacer\" data-id=\"3789487\" data-element_type=\"widget\" data-widget_type=\"spacer.default\">\n\t\t\t\t<div class=\"elementor-widget-container\">\n\t\t\t\t\t\t\t<div class=\"elementor-spacer\">\n\t\t\t<div class=\"elementor-spacer-inner\"><\/div>\n\t\t<\/div>\n\t\t\t\t\t\t<\/div>\n\t\t\t\t<\/div>\n\t\t\t\t<div class=\"elementor-element elementor-element-e2fa5ab elementor-widget__width-initial elementor-widget elementor-widget-text-editor\" data-id=\"e2fa5ab\" data-element_type=\"widget\" data-widget_type=\"text-editor.default\">\n\t\t\t\t<div class=\"elementor-widget-container\">\n\t\t\t\t\t\t\t\t\t<p>Gare Montparnasse &#8211; Orly en taxi moto<\/p>\t\t\t\t\t\t\t\t<\/div>\n\t\t\t\t<\/div>\n\t\t\t\t<div class=\"elementor-element elementor-element-2e46fbf elementor-align-center elementor-widget elementor-widget-button\" data-id=\"2e46fbf\" data-element_type=\"widget\" data-widget_type=\"button.default\">\n\t\t\t\t<div class=\"elementor-widget-container\">\n\t\t\t\t\t\t\t\t\t<div class=\"elementor-button-wrapper\">\n\t\t\t\t\t<a class=\"elementor-button elementor-button-link elementor-size-sm elementor-animation-shrink\" href=\"https:\/\/www.motocab.com\/front\/www\/\">\n\t\t\t\t\t\t<span class=\"elementor-button-content-wrapper\">\n\t\t\t\t\t\t\t\t\t<span class=\"elementor-button-text\">Book a ride!<\/span>\n\t\t\t\t\t<\/span>\n\t\t\t\t\t<\/a>\n\t\t\t\t<\/div>\n\t\t\t\t\t\t\t\t<\/div>\n\t\t\t\t<\/div>\n\t\t\t\t<div class=\"elementor-element elementor-element-0926bf8 elementor-widget elementor-widget-text-editor\" data-id=\"0926bf8\" data-element_type=\"widget\" data-widget_type=\"text-editor.default\">\n\t\t\t\t<div class=\"elementor-widget-container\">\n\t\t\t\t\t\t\t\t\t<p>Course \u00e0 partir de 75 \u20ac<\/p>\t\t\t\t\t\t\t\t<\/div>\n\t\t\t\t<\/div>\n\t\t\t\t<div class=\"elementor-element elementor-element-49c8c8d elementor-widget elementor-widget-spacer\" data-id=\"49c8c8d\" data-element_type=\"widget\" data-widget_type=\"spacer.default\">\n\t\t\t\t<div class=\"elementor-widget-container\">\n\t\t\t\t\t\t\t<div class=\"elementor-spacer\">\n\t\t\t<div class=\"elementor-spacer-inner\"><\/div>\n\t\t<\/div>\n\t\t\t\t\t\t<\/div>\n\t\t\t\t<\/div>\n\t\t\t\t\t<\/div>\n\t\t<\/div>\n\t\t\t\t<div class=\"elementor-column elementor-col-50 elementor-inner-column elementor-element elementor-element-f037e56 elementor-hidden-mobile\" data-id=\"f037e56\" data-element_type=\"column\" data-settings=\"{&quot;background_background&quot;:&quot;classic&quot;}\">\n\t\t\t<div class=\"elementor-widget-wrap\">\n\t\t\t\t\t\t\t<\/div>\n\t\t<\/div>\n\t\t\t\t\t<\/div>\n\t\t<\/section>\n\t\t\t\t\t<\/div>\n\t\t<\/div>\n\t\t\t\t\t<\/div>\n\t\t<\/section>\n\t\t\t\t<section class=\"elementor-section elementor-top-section elementor-element elementor-element-f4514f4 elementor-section-boxed elementor-section-height-default elementor-section-height-default\" data-id=\"f4514f4\" data-element_type=\"section\">\n\t\t\t\t\t\t<div class=\"elementor-container elementor-column-gap-default\">\n\t\t\t\t\t<div class=\"elementor-column elementor-col-100 elementor-top-column elementor-element elementor-element-0123e5b\" data-id=\"0123e5b\" data-element_type=\"column\">\n\t\t\t<div class=\"elementor-widget-wrap elementor-element-populated\">\n\t\t\t\t\t\t<div class=\"elementor-element elementor-element-90761b3 elementor-widget elementor-widget-heading\" data-id=\"90761b3\" data-element_type=\"widget\" data-widget_type=\"heading.default\">\n\t\t\t\t<div class=\"elementor-widget-container\">\n\t\t\t\t\t<h1 class=\"elementor-heading-title elementor-size-default\">Comment se rendre de la gare Montparnasse \u00e0 Orly ?<\/h1>\t\t\t\t<\/div>\n\t\t\t\t<\/div>\n\t\t\t\t<div class=\"elementor-element elementor-element-026501e elementor-widget elementor-widget-heading\" data-id=\"026501e\" data-element_type=\"widget\" data-widget_type=\"heading.default\">\n\t\t\t\t<div class=\"elementor-widget-container\">\n\t\t\t\t\t<h2 class=\"elementor-heading-title elementor-size-default\">Le taxi-moto : l\u2019alternative aux taxis et VTC pour un trajet rapide et en s\u00e9curit\u00e9<\/h2>\t\t\t\t<\/div>\n\t\t\t\t<\/div>\n\t\t\t\t<div class=\"elementor-element elementor-element-41a1868 elementor-widget elementor-widget-text-editor\" data-id=\"41a1868\" data-element_type=\"widget\" data-widget_type=\"text-editor.default\">\n\t\t\t\t<div class=\"elementor-widget-container\">\n\t\t\t\t\t\t\t\t\t<p>Pour parcourir les 16 kilom\u00e8tres qui les s\u00e9parent, il existe un mode de transport plus rapide que le taxi ou le VTC : le taxi moto. Nos motos et scooters vont vous permettre d\u2019effectuer la distance en 22 minutes en moyenne, derri\u00e8re nos chauffeurs professionnels. En cela, le taxi moto offre une exp\u00e9rience utilisateur int\u00e9ressante pour ceux qui ne souhaitent plus perdre de temps dans leurs d\u00e9placements. Le trajet en voiture peut durer jusqu\u2019\u00e0 50 minutes si le trafic est dense, en heures de pointe ou en cas d\u2019accidents sur la route, par exemple.\u00a0\u00a0\u00a0<span style=\"font-size: 14px; letter-spacing: 0px; text-align: left;\" data-ccp-props=\"{\">\u00a0<\/span><\/p><p>Nos chauffeurs partenaires chez CityBird, avec lesquels nous travaillons depuis plusieurs ann\u00e9es, sont tous des professionnels du transport de personnes en deux roues. Ils ont, d&rsquo;une part, une bonne connaissance g\u00e9ographique de la capitale et sont habitu\u00e9s \u00e0 rouler dans le trafic parisien.\u00a0\u00a0<span data-ccp-props=\"{\">\u00a0<\/span><\/p><p>Gr\u00e2ce au moto taxi, l&rsquo;exp\u00e9rience pour le passager est unique : pouvoir rouler en s\u00e9curit\u00e9, sans le stress de rater son avion, tout en optimisant son emploi du temps. Nos chauffeurs fournissent les \u00e9quipements de s\u00e9curit\u00e9 et des protections en cas de mauvais temps, seront mis \u00e0 votre disposition une veste, une jupe protectrice, des gants et un casque.\u00a0\u00a0<span data-ccp-props=\"{\">\u00a0<\/span><\/p>\t\t\t\t\t\t\t\t<\/div>\n\t\t\t\t<\/div>\n\t\t\t\t<div class=\"elementor-element elementor-element-3442c2e elementor-widget elementor-widget-heading\" data-id=\"3442c2e\" data-element_type=\"widget\" data-widget_type=\"heading.default\">\n\t\t\t\t<div class=\"elementor-widget-container\">\n\t\t\t\t\t<h2 class=\"elementor-heading-title elementor-size-default\">Le taxi moto : la solution de transport la plus rapide pour les usagers se d\u00e9pla\u00e7ant en zone urbaine.\u200b<\/h2>\t\t\t\t<\/div>\n\t\t\t\t<\/div>\n\t\t\t\t<div class=\"elementor-element elementor-element-5e23845 elementor-widget elementor-widget-text-editor\" data-id=\"5e23845\" data-element_type=\"widget\" data-widget_type=\"text-editor.default\">\n\t\t\t\t<div class=\"elementor-widget-container\">\n\t\t\t\t\t\t\t\t\t<p style=\"text-align: left;\" class=\"translation-block\">Citybird offers several ranges of vehicles for the journey between Gare Montparnasse and Orly Airport. The first type of vehicle is the BMW C-volution electric scooter, for 39 euros, a silent and ecological vehicle. Then by thermal scooter, we offer the Burgman 650, at a price of 55 euros. Finally, a last option is possible by choosing the Goldwing motorcycle for optimal comfort at 70 euros each way.<\/p><p>Concernant notre politique de bagages, vous pouvez transporter un bagage cabine de moins de 12 kilos en plus d\u2019un petit sac (type sac \u00e0 main ou mallette). Toutefois, voyager avec un bagage volumineux est possible, il suffit de cocher l\u2019option au moment de r\u00e9server une moto Goldwing moyennant un suppl\u00e9ment de 15 euros.<\/p>\t\t\t\t\t\t\t\t<\/div>\n\t\t\t\t<\/div>\n\t\t\t\t\t<\/div>\n\t\t<\/div>\n\t\t\t\t\t<\/div>\n\t\t<\/section>\n\t\t\t\t<\/div>","protected":false},"excerpt":{"rendered":"<p>Gare Montparnasse &#8211; Orly en taxi moto Commander Course \u00e0 partir de 75 \u20ac Comment se rendre de la gare Montparnasse \u00e0 Orly ? Le taxi-moto : l\u2019alternative aux taxis et VTC pour un trajet rapide et en s\u00e9curit\u00e9 Pour parcourir les 16 kilom\u00e8tres qui les s\u00e9parent, il existe un mode de transport plus rapide [&hellip;]<\/p>\n","protected":false},"author":5,"featured_media":1862,"parent":0,"menu_order":1,"comment_status":"closed","ping_status":"closed","template":"elementor_header_footer","meta":{"footnotes":""},"class_list":["post-2043","page","type-page","status-publish","has-post-thumbnail","hentry"],"yoast_head":"<!-- This site is optimized with the Yoast SEO plugin v27.5 - https:\/\/yoast.com\/product\/yoast-seo-wordpress\/ -->\n<title>Gare Montparnasse - Orly en Taxi Moto - CityBird<\/title>\n<meta name=\"description\" content=\"Faire trajet entre la Gare Montparnasse \u00e0 l&#039;a\u00e9roport d&#039;Orly 2 \u00e0 3 fois plus vite gr\u00e2ce au taxi-moto, c&#039;est possible! Un service de chauffeurs professionnels en moto ou en scooter.\" \/>\n<meta name=\"robots\" content=\"index, follow, max-snippet:-1, max-image-preview:large, max-video-preview:-1\" \/>\n<link rel=\"canonical\" href=\"https:\/\/www.city-bird.com\/en\/gare-montparnasse-orly\/\" \/>\n<meta property=\"og:locale\" content=\"en_GB\" \/>\n<meta property=\"og:type\" content=\"article\" \/>\n<meta property=\"og:title\" content=\"Gare Montparnasse - Orly en Taxi Moto - CityBird\" \/>\n<meta property=\"og:description\" content=\"Faire trajet entre la Gare Montparnasse \u00e0 l&#039;a\u00e9roport d&#039;Orly 2 \u00e0 3 fois plus vite gr\u00e2ce au taxi-moto, c&#039;est possible! Un service de chauffeurs professionnels en moto ou en scooter.\" \/>\n<meta property=\"og:url\" content=\"https:\/\/www.city-bird.com\/en\/gare-montparnasse-orly\/\" \/>\n<meta property=\"og:site_name\" content=\"CityBird\" \/>\n<meta property=\"article:publisher\" content=\"https:\/\/www.facebook.com\/officielcitybird\/\" \/>\n<meta property=\"article:modified_time\" content=\"2024-08-01T13:30:12+00:00\" \/>\n<meta name=\"twitter:card\" content=\"summary_large_image\" \/>\n<meta name=\"twitter:label1\" content=\"Estimated reading time\" \/>\n\t<meta name=\"twitter:data1\" content=\"2 minutes\" \/>\n<script type=\"application\/ld+json\" class=\"yoast-schema-graph\">{\"@context\":\"https:\\\/\\\/schema.org\",\"@graph\":[{\"@type\":\"WebPage\",\"@id\":\"https:\\\/\\\/www.city-bird.com\\\/gare-montparnasse-orly\\\/\",\"url\":\"https:\\\/\\\/www.city-bird.com\\\/gare-montparnasse-orly\\\/\",\"name\":\"Gare Montparnasse - Orly en Taxi Moto - CityBird\",\"isPartOf\":{\"@id\":\"https:\\\/\\\/www.city-bird.com\\\/#website\"},\"primaryImageOfPage\":{\"@id\":\"https:\\\/\\\/www.city-bird.com\\\/gare-montparnasse-orly\\\/#primaryimage\"},\"image\":{\"@id\":\"https:\\\/\\\/www.city-bird.com\\\/gare-montparnasse-orly\\\/#primaryimage\"},\"thumbnailUrl\":\"\",\"datePublished\":\"2018-12-06T14:14:38+00:00\",\"dateModified\":\"2024-08-01T13:30:12+00:00\",\"description\":\"Faire trajet entre la Gare Montparnasse \u00e0 l'a\u00e9roport d'Orly 2 \u00e0 3 fois plus vite gr\u00e2ce au taxi-moto, c'est possible! Un service de chauffeurs professionnels en moto ou en scooter.\",\"breadcrumb\":{\"@id\":\"https:\\\/\\\/www.city-bird.com\\\/gare-montparnasse-orly\\\/#breadcrumb\"},\"inLanguage\":\"en-GB\",\"potentialAction\":[{\"@type\":\"ReadAction\",\"target\":[\"https:\\\/\\\/www.city-bird.com\\\/gare-montparnasse-orly\\\/\"]}]},{\"@type\":\"ImageObject\",\"inLanguage\":\"en-GB\",\"@id\":\"https:\\\/\\\/www.city-bird.com\\\/gare-montparnasse-orly\\\/#primaryimage\",\"url\":\"\",\"contentUrl\":\"\"},{\"@type\":\"BreadcrumbList\",\"@id\":\"https:\\\/\\\/www.city-bird.com\\\/gare-montparnasse-orly\\\/#breadcrumb\",\"itemListElement\":[{\"@type\":\"ListItem\",\"position\":1,\"name\":\"Accueil\",\"item\":\"https:\\\/\\\/www.city-bird.com\\\/\"},{\"@type\":\"ListItem\",\"position\":2,\"name\":\"Gare Montparnasse &#8211; Orly en Taxi Moto\"}]},{\"@type\":\"WebSite\",\"@id\":\"https:\\\/\\\/www.city-bird.com\\\/#website\",\"url\":\"https:\\\/\\\/www.city-bird.com\\\/\",\"name\":\"CityBird\",\"description\":\"\",\"publisher\":{\"@id\":\"https:\\\/\\\/www.city-bird.com\\\/#organization\"},\"potentialAction\":[{\"@type\":\"SearchAction\",\"target\":{\"@type\":\"EntryPoint\",\"urlTemplate\":\"https:\\\/\\\/www.city-bird.com\\\/?s={search_term_string}\"},\"query-input\":{\"@type\":\"PropertyValueSpecification\",\"valueRequired\":true,\"valueName\":\"search_term_string\"}}],\"inLanguage\":\"en-GB\"},{\"@type\":\"Organization\",\"@id\":\"https:\\\/\\\/www.city-bird.com\\\/#organization\",\"name\":\"CityBird\",\"url\":\"https:\\\/\\\/www.city-bird.com\\\/\",\"logo\":{\"@type\":\"ImageObject\",\"inLanguage\":\"en-GB\",\"@id\":\"https:\\\/\\\/www.city-bird.com\\\/#\\\/schema\\\/logo\\\/image\\\/\",\"url\":\"https:\\\/\\\/www.city-bird.com\\\/wp-content\\\/uploads\\\/2020\\\/04\\\/logo_rond.png\",\"contentUrl\":\"https:\\\/\\\/www.city-bird.com\\\/wp-content\\\/uploads\\\/2020\\\/04\\\/logo_rond.png\",\"width\":400,\"height\":400,\"caption\":\"CityBird\"},\"image\":{\"@id\":\"https:\\\/\\\/www.city-bird.com\\\/#\\\/schema\\\/logo\\\/image\\\/\"},\"sameAs\":[\"https:\\\/\\\/www.facebook.com\\\/officielcitybird\\\/\",\"https:\\\/\\\/www.instagram.com\\\/citybird_fr\\\/?hl=fr\",\"https:\\\/\\\/www.linkedin.com\\\/company\\\/felixcitybird\\\/about\\\/\"]}]}<\/script>\n<!-- \/ Yoast SEO plugin. -->","yoast_head_json":{"title":"Gare Montparnasse - Orly en Taxi Moto - CityBird","description":"Faire trajet entre la Gare Montparnasse \u00e0 l'a\u00e9roport d'Orly 2 \u00e0 3 fois plus vite gr\u00e2ce au taxi-moto, c'est possible! Un service de chauffeurs professionnels en moto ou en scooter.","robots":{"index":"index","follow":"follow","max-snippet":"max-snippet:-1","max-image-preview":"max-image-preview:large","max-video-preview":"max-video-preview:-1"},"canonical":"https:\/\/www.city-bird.com\/en\/gare-montparnasse-orly\/","og_locale":"en_GB","og_type":"article","og_title":"Gare Montparnasse - Orly en Taxi Moto - CityBird","og_description":"Faire trajet entre la Gare Montparnasse \u00e0 l'a\u00e9roport d'Orly 2 \u00e0 3 fois plus vite gr\u00e2ce au taxi-moto, c'est possible! Un service de chauffeurs professionnels en moto ou en scooter.","og_url":"https:\/\/www.city-bird.com\/en\/gare-montparnasse-orly\/","og_site_name":"CityBird","article_publisher":"https:\/\/www.facebook.com\/officielcitybird\/","article_modified_time":"2024-08-01T13:30:12+00:00","twitter_card":"summary_large_image","twitter_misc":{"Estimated reading time":"2 minutes"},"schema":{"@context":"https:\/\/schema.org","@graph":[{"@type":"WebPage","@id":"https:\/\/www.city-bird.com\/gare-montparnasse-orly\/","url":"https:\/\/www.city-bird.com\/gare-montparnasse-orly\/","name":"Gare Montparnasse - Orly en Taxi Moto - CityBird","isPartOf":{"@id":"https:\/\/www.city-bird.com\/#website"},"primaryImageOfPage":{"@id":"https:\/\/www.city-bird.com\/gare-montparnasse-orly\/#primaryimage"},"image":{"@id":"https:\/\/www.city-bird.com\/gare-montparnasse-orly\/#primaryimage"},"thumbnailUrl":"","datePublished":"2018-12-06T14:14:38+00:00","dateModified":"2024-08-01T13:30:12+00:00","description":"Faire trajet entre la Gare Montparnasse \u00e0 l'a\u00e9roport d'Orly 2 \u00e0 3 fois plus vite gr\u00e2ce au taxi-moto, c'est possible! Un service de chauffeurs professionnels en moto ou en scooter.","breadcrumb":{"@id":"https:\/\/www.city-bird.com\/gare-montparnasse-orly\/#breadcrumb"},"inLanguage":"en-GB","potentialAction":[{"@type":"ReadAction","target":["https:\/\/www.city-bird.com\/gare-montparnasse-orly\/"]}]},{"@type":"ImageObject","inLanguage":"en-GB","@id":"https:\/\/www.city-bird.com\/gare-montparnasse-orly\/#primaryimage","url":"","contentUrl":""},{"@type":"BreadcrumbList","@id":"https:\/\/www.city-bird.com\/gare-montparnasse-orly\/#breadcrumb","itemListElement":[{"@type":"ListItem","position":1,"name":"Accueil","item":"https:\/\/www.city-bird.com\/"},{"@type":"ListItem","position":2,"name":"Gare Montparnasse &#8211; Orly en Taxi Moto"}]},{"@type":"WebSite","@id":"https:\/\/www.city-bird.com\/#website","url":"https:\/\/www.city-bird.com\/","name":"CityBird","description":"","publisher":{"@id":"https:\/\/www.city-bird.com\/#organization"},"potentialAction":[{"@type":"SearchAction","target":{"@type":"EntryPoint","urlTemplate":"https:\/\/www.city-bird.com\/?s={search_term_string}"},"query-input":{"@type":"PropertyValueSpecification","valueRequired":true,"valueName":"search_term_string"}}],"inLanguage":"en-GB"},{"@type":"Organization","@id":"https:\/\/www.city-bird.com\/#organization","name":"CityBird","url":"https:\/\/www.city-bird.com\/","logo":{"@type":"ImageObject","inLanguage":"en-GB","@id":"https:\/\/www.city-bird.com\/#\/schema\/logo\/image\/","url":"https:\/\/www.city-bird.com\/wp-content\/uploads\/2020\/04\/logo_rond.png","contentUrl":"https:\/\/www.city-bird.com\/wp-content\/uploads\/2020\/04\/logo_rond.png","width":400,"height":400,"caption":"CityBird"},"image":{"@id":"https:\/\/www.city-bird.com\/#\/schema\/logo\/image\/"},"sameAs":["https:\/\/www.facebook.com\/officielcitybird\/","https:\/\/www.instagram.com\/citybird_fr\/?hl=fr","https:\/\/www.linkedin.com\/company\/felixcitybird\/about\/"]}]}},"_links":{"self":[{"href":"https:\/\/www.city-bird.com\/en\/wp-json\/wp\/v2\/pages\/2043","targetHints":{"allow":["GET"]}}],"collection":[{"href":"https:\/\/www.city-bird.com\/en\/wp-json\/wp\/v2\/pages"}],"about":[{"href":"https:\/\/www.city-bird.com\/en\/wp-json\/wp\/v2\/types\/page"}],"author":[{"embeddable":true,"href":"https:\/\/www.city-bird.com\/en\/wp-json\/wp\/v2\/users\/5"}],"replies":[{"embeddable":true,"href":"https:\/\/www.city-bird.com\/en\/wp-json\/wp\/v2\/comments?post=2043"}],"version-history":[{"count":14,"href":"https:\/\/www.city-bird.com\/en\/wp-json\/wp\/v2\/pages\/2043\/revisions"}],"predecessor-version":[{"id":12227,"href":"https:\/\/www.city-bird.com\/en\/wp-json\/wp\/v2\/pages\/2043\/revisions\/12227"}],"wp:featuredmedia":[{"embeddable":true,"href":"https:\/\/www.city-bird.com\/en\/wp-json\/"}],"wp:attachment":[{"href":"https:\/\/www.city-bird.com\/en\/wp-json\/wp\/v2\/media?parent=2043"}],"curies":[{"name":"wp","href":"https:\/\/api.w.org\/{rel}","templated":true}]}}