{"id":4733,"date":"2019-09-05T14:36:44","date_gmt":"2019-09-05T12:36:44","guid":{"rendered":"https:\/\/www.city-bird.com\/?page_id=4733"},"modified":"2024-10-24T12:01:55","modified_gmt":"2024-10-24T10:01:55","slug":"nos-tarifs-maxi-scooters-et-moto-taxis","status":"publish","type":"page","link":"https:\/\/www.city-bird.com\/en\/nos-tarifs-maxi-scooters-et-moto-taxis\/","title":{"rendered":"Tarifs Taxi Moto \/ Prix Taxi scooter &#8211; Citybird"},"content":{"rendered":"<div data-elementor-type=\"wp-post\" data-elementor-id=\"4733\" class=\"elementor elementor-4733\">\n\t\t\t\t\t\t<section class=\"elementor-section elementor-top-section elementor-element elementor-element-640ad04 elementor-section-full_width elementor-section-height-default elementor-section-height-default\" data-id=\"640ad04\" data-element_type=\"section\" data-settings=\"{&quot;background_background&quot;:&quot;classic&quot;}\">\n\t\t\t\t\t\t<div class=\"elementor-container elementor-column-gap-no\">\n\t\t\t\t\t<div class=\"elementor-column elementor-col-100 elementor-top-column elementor-element elementor-element-df75cc7\" data-id=\"df75cc7\" data-element_type=\"column\">\n\t\t\t<div class=\"elementor-widget-wrap elementor-element-populated\">\n\t\t\t\t\t\t<section class=\"elementor-section elementor-inner-section elementor-element elementor-element-7ff4678 elementor-section-boxed elementor-section-height-default elementor-section-height-default\" data-id=\"7ff4678\" data-element_type=\"section\">\n\t\t\t\t\t\t<div class=\"elementor-container elementor-column-gap-no\">\n\t\t\t\t\t<div class=\"elementor-column elementor-col-100 elementor-inner-column elementor-element elementor-element-026dd74\" data-id=\"026dd74\" data-element_type=\"column\">\n\t\t\t<div class=\"elementor-widget-wrap elementor-element-populated\">\n\t\t\t\t\t\t<div class=\"elementor-element elementor-element-be930b9 elementor-widget__width-initial elementor-widget elementor-widget-text-editor\" data-id=\"be930b9\" data-element_type=\"widget\" data-widget_type=\"text-editor.default\">\n\t\t\t\t<div class=\"elementor-widget-container\">\n\t\t\t\t\t\t\t\t\tFare rates\t\t\t\t\t\t\t\t<\/div>\n\t\t\t\t<\/div>\n\t\t\t\t<div class=\"elementor-element elementor-element-031ae24 elementor-widget elementor-widget-text-editor\" data-id=\"031ae24\" data-element_type=\"widget\" data-widget_type=\"text-editor.default\">\n\t\t\t\t<div class=\"elementor-widget-container\">\n\t\t\t\t\t\t\t\t\tD\u00e9couvrez la gamme de prix de nos Taxis Motos et Taxis Scooters \u00e0 Paris et en \u00eele-De-France, Et d\u00e9couvrez \u00e9galement nos conditions d\u2019attente et de facturation en cas de retard.\t\t\t\t\t\t\t\t<\/div>\n\t\t\t\t<\/div>\n\t\t\t\t<div class=\"elementor-element elementor-element-95d310a elementor-align-center elementor-widget elementor-widget-button\" data-id=\"95d310a\" data-element_type=\"widget\" data-widget_type=\"button.default\">\n\t\t\t\t<div class=\"elementor-widget-container\">\n\t\t\t\t\t\t\t\t\t<div class=\"elementor-button-wrapper\">\n\t\t\t\t\t<a class=\"elementor-button elementor-button-link elementor-size-sm elementor-animation-shrink\" href=\"https:\/\/www.motocab.com\/front\/www\/\">\n\t\t\t\t\t\t<span class=\"elementor-button-content-wrapper\">\n\t\t\t\t\t\t\t\t\t<span class=\"elementor-button-text\">Book a ride!<\/span>\n\t\t\t\t\t<\/span>\n\t\t\t\t\t<\/a>\n\t\t\t\t<\/div>\n\t\t\t\t\t\t\t\t<\/div>\n\t\t\t\t<\/div>\n\t\t\t\t\t<\/div>\n\t\t<\/div>\n\t\t\t\t\t<\/div>\n\t\t<\/section>\n\t\t\t\t\t<\/div>\n\t\t<\/div>\n\t\t\t\t\t<\/div>\n\t\t<\/section>\n\t\t\t\t<section class=\"elementor-section elementor-top-section elementor-element elementor-element-d88d83c elementor-section-boxed elementor-section-height-default elementor-section-height-default\" data-id=\"d88d83c\" data-element_type=\"section\">\n\t\t\t\t\t\t<div class=\"elementor-container elementor-column-gap-default\">\n\t\t\t\t\t<div class=\"elementor-column elementor-col-100 elementor-top-column elementor-element elementor-element-d4eeb1d\" data-id=\"d4eeb1d\" data-element_type=\"column\">\n\t\t\t<div class=\"elementor-widget-wrap elementor-element-populated\">\n\t\t\t\t\t\t<div class=\"elementor-element elementor-element-0bf4816 elementor-tabs-view-horizontal elementor-widget elementor-widget-tabs\" data-id=\"0bf4816\" data-element_type=\"widget\" data-widget_type=\"tabs.default\">\n\t\t\t\t<div class=\"elementor-widget-container\">\n\t\t\t\t\t\t\t<div class=\"elementor-tabs\">\n\t\t\t<div class=\"elementor-tabs-wrapper\" role=\"tablist\" >\n\t\t\t\t\t\t\t\t\t<div id=\"elementor-tab-title-1251\" class=\"elementor-tab-title elementor-tab-desktop-title\" aria-selected=\"true\" data-tab=\"1\" role=\"tab\" tabindex=\"0\" aria-controls=\"elementor-tab-content-1251\" aria-expanded=\"false\">Scooter \u00e9lectrique<\/div>\n\t\t\t\t\t\t\t\t\t<div id=\"elementor-tab-title-1252\" class=\"elementor-tab-title elementor-tab-desktop-title\" aria-selected=\"false\" data-tab=\"2\" role=\"tab\" tabindex=\"-1\" aria-controls=\"elementor-tab-content-1252\" aria-expanded=\"false\">Motorcycle<\/div>\n\t\t\t\t\t\t\t<\/div>\n\t\t\t<div class=\"elementor-tabs-content-wrapper\" role=\"tablist\" aria-orientation=\"vertical\">\n\t\t\t\t\t\t\t\t\t<div class=\"elementor-tab-title elementor-tab-mobile-title\" aria-selected=\"true\" data-tab=\"1\" role=\"tab\" tabindex=\"0\" aria-controls=\"elementor-tab-content-1251\" aria-expanded=\"false\">Scooter \u00e9lectrique<\/div>\n\t\t\t\t\t<div id=\"elementor-tab-content-1251\" class=\"elementor-tab-content elementor-clearfix\" data-tab=\"1\" role=\"tabpanel\" aria-labelledby=\"elementor-tab-title-1251\" tabindex=\"0\" hidden=\"false\"><p><style>\ntable {<br \/>width: 100%;<br \/>}<br \/>th, td {<br \/>align:left;<br \/>padding: 8px;<br \/>text-align: center;<br \/>}<\/p>\n<p>#grey-left {<br \/>background-color: #F2F2F2;<br \/>border-top:0px;<br \/>border-bottom:0px;<br \/>vertical-align: middle;<br \/>padding:30px;<br \/>font-weight:bold;<br \/>}<\/p>\n<p>#white-left {<br \/>background-color: white;<br \/>border-top:0px;<br \/>border-bottom:0px;<br \/>vertical-align: middle;<br \/>padding:30px;<br \/>font-weight:bold;<br \/>}<\/p>\n<p>#classique-grey {<br \/>background-color: #F2F2F2;<br \/>border-top:0px;<br \/>border-bottom:0px;<br \/>vertical-align: middle;<br \/>padding:30px;<br \/>}<\/p>\n<p>#classique-greybis {<br \/>background-color: #F2F2F2;<br \/>border-top:0px;<br \/>vertical-align: middle;<br \/>padding:30px;<br \/>}<\/p>\n<p>#classique-white {<br \/>background-color: white;<br \/>border-top:0px;<br \/>border-bottom:0px;<br \/>vertical-align: middle;<br \/>padding:30px;<br \/>}<\/p>\n<p>#grey-discret {<br \/>background-color: #F2F2F2;<br \/>border-top:0px;<br \/>border-bottom:0px;<br \/>vertical-align: middle;<br \/>padding:30px;<br \/>color: rgba(0, 0, 0, 0.5);<br \/>}<\/p>\n<p>#grey-discretbis {<br \/>background-color: #F2F2F2;<br \/>border-top:0px;<br \/>vertical-align: middle;<br \/>padding:30px;<br \/>color: rgba(0, 0, 0, 0.5);<br \/>}<\/p>\n<\/style>\n<\/p><table>\n<thead>\n<tr>\n<th>&nbsp;<\/th>\n<th>D\u00e9part imm\u00e9diat<\/th>\n<th>\u00c0 l&rsquo;avance<\/th>\n<\/tr>\n<\/thead>\n<tbody>\n<tr>\n<td>Minimum<\/td>\n<td>47\u20ac<\/td>\n<td>37\u20ac<\/td>\n<\/tr>\n<tr>\n<td>Cancellation<\/td>\n<td>Si l\u2019annulation est faite plus de 5 minutes apr\u00e8s la course, un forfait de 5\u20ac est factur\u00e9.<\/td>\n<td>\n<p>Moins de 60 minutes avant la course, 100% du prix est factur\u00e9<\/p>\n<p>No Show : 100% du prix est factur\u00e9<\/p>\n<\/td>\n<\/tr>\n<tr>\n<td>Waiting<\/td>\n<td colspan=\"2\">&nbsp;<\/td>\n<\/tr>\n<tr>\n<td>Jusqu&rsquo;\u00e0 5 min<\/td>\n<td colspan=\"2\">Free of charge<\/td>\n<\/tr>\n<tr>\n<td>Apr\u00e8s 5 min<\/td>\n<td colspan=\"2\">1 \u20ac \/ minute<\/td>\n<\/tr>\n<tr>\n<td>Mise \u00e0 disposition<\/td>\n<td colspan=\"2\">Le prix de course est annonc\u00e9 avant la commande.<\/td>\n<\/tr>\n<tr>\n<td>A\u00e9roports<\/td>\n<td colspan=\"2\">Non desservis en scooters \u00e9lectriques.<\/td>\n<\/tr>\n<tr>\n<td>Roissy CDG<\/td>\n<td colspan=\"2\">&nbsp;<\/td>\n<\/tr>\n<tr>\n<td>Orly Airports<\/td>\n<td colspan=\"2\">&nbsp;<\/td>\n<\/tr>\n<tr>\n<td>Le Bourget<\/td>\n<td colspan=\"2\">&nbsp;<\/td>\n<\/tr>\n<\/tbody>\n<\/table><\/div>\n\t\t\t\t\t\t\t\t\t<div class=\"elementor-tab-title elementor-tab-mobile-title\" aria-selected=\"false\" data-tab=\"2\" role=\"tab\" tabindex=\"-1\" aria-controls=\"elementor-tab-content-1252\" aria-expanded=\"false\">Motorcycle<\/div>\n\t\t\t\t\t<div id=\"elementor-tab-content-1252\" class=\"elementor-tab-content elementor-clearfix\" data-tab=\"2\" role=\"tabpanel\" aria-labelledby=\"elementor-tab-title-1252\" tabindex=\"0\" hidden=\"hidden\"><p><style>\ntable {<br \/>width: 100%;<br \/>}<br \/>th, td {<br \/>align:left;<br \/>padding: 8px;<br \/>text-align: center;<br \/>}<\/p>\n<p>#grey-left {<br \/>background-color: #F2F2F2;<br \/>border-top:0px;<br \/>border-bottom:0px;<br \/>vertical-align: middle;<br \/>padding:30px;<br \/>font-weight:bold;<br \/>}<\/p>\n<p>#white-left {<br \/>background-color: white;<br \/>border-top:0px;<br \/>border-bottom:0px;<br \/>vertical-align: middle;<br \/>padding:30px;<br \/>font-weight:bold;<br \/>}<\/p>\n<p>#classique-grey {<br \/>background-color: #F2F2F2;<br \/>border-top:0px;<br \/>border-bottom:0px;<br \/>vertical-align: middle;<br \/>padding:30px;<br \/>}<\/p>\n<p>#classique-greybis {<br \/>background-color: #F2F2F2;<br \/>border-top:0px;<br \/>vertical-align: middle;<br \/>padding:30px;<br \/>}<\/p>\n<p>#classique-white {<br \/>background-color: white;<br \/>border-top:0px;<br \/>border-bottom:0px;<br \/>vertical-align: middle;<br \/>padding:30px;<br \/>}<\/p>\n<p>#grey-discret {<br \/>background-color: #F2F2F2;<br \/>border-top:0px;<br \/>border-bottom:0px;<br \/>vertical-align: middle;<br \/>padding:30px;<br \/>color: rgba(0, 0, 0, 0.5);<br \/>}<\/p>\n<p>#grey-discretbis {<br \/>background-color: #F2F2F2;<br \/>border-top:0px;<br \/>vertical-align: middle;<br \/>padding:30px;<br \/>color: rgba(0, 0, 0, 0.5);<br \/>}<\/p>\n<\/style>\n<\/p><table>\n<thead>\n<tr>\n<th>&nbsp;<\/th>\n<th>D\u00e9part imm\u00e9diat<\/th>\n<th>\u00c0 l&rsquo;avance<\/th>\n<\/tr>\n<\/thead>\n<tbody>\n<tr>\n<td>Minimum<\/td>\n<td>55\u20ac<\/td>\n<td>45\u20ac<\/td>\n<\/tr>\n<tr>\n<td>Cancellation<\/td>\n<td>Si l\u2019annulation est faite plus de 5 minutes apr\u00e8s la course, un forfait de 5\u20ac est factur\u00e9.<\/td>\n<td>\n<p>Moins de 60 minutes avant la course, 100% du prix est factur\u00e9<\/p>\n<p>No Show : 100% du prix est factur\u00e9<\/p>\n<\/td>\n<\/tr>\n<tr>\n<td>Waiting<\/td>\n<td colspan=\"2\">&nbsp;<\/td>\n<\/tr>\n<tr>\n<td>Jusqu&rsquo;\u00e0 5 min<\/td>\n<td colspan=\"2\">Free of charge<\/td>\n<\/tr>\n<tr>\n<td>Apr\u00e8s 5 min<\/td>\n<td colspan=\"2\">1 \u20ac \/ minute<\/td>\n<\/tr>\n<tr>\n<td>Mise \u00e0 disposition<\/td>\n<td colspan=\"2\">Le prix de course est annonc\u00e9 avant la commande.<\/td>\n<\/tr>\n<tr>\n<td>A\u00e9roports<\/td>\n<td colspan=\"2\">&nbsp;<\/td>\n<\/tr>\n<tr>\n<td>Roissy CDG<\/td>\n<td colspan=\"2\">Paris &#8211; CDG : 97\u20ac<\/td>\n<\/tr>\n<tr>\n<td>Orly Airports<\/td>\n<td colspan=\"2\">Paris &#8211; Orly : 75\u20ac<\/td>\n<\/tr>\n<tr>\n<td>Le Bourget<\/td>\n<td colspan=\"2\">Paris &#8211; Le Bourget : 80\u20ac<\/td>\n<\/tr>\n<\/tbody>\n<\/table><\/div>\n\t\t\t\t\t\t\t<\/div>\n\t\t<\/div>\n\t\t\t\t\t\t<\/div>\n\t\t\t\t<\/div>\n\t\t\t\t\t<\/div>\n\t\t<\/div>\n\t\t\t\t\t<\/div>\n\t\t<\/section>\n\t\t\t\t<\/div>","protected":false},"excerpt":{"rendered":"<p>Nos prix Taxi Scooter et Taxi MotoD\u00e9couvrez la gamme de prix de nos Taxis Motos et Taxis Scooters \u00e0 Paris et en \u00eele-De-France, Et d\u00e9couvrez \u00e9galement nos conditions d\u2019attente et de facturation en cas de retard. Commander Scooter \u00e9lectrique Moto Scooter \u00e9lectrique &nbsp; D\u00e9part imm\u00e9diat \u00c0 l&rsquo;avance Minimum 47\u20ac 37\u20ac Annulation Si l\u2019annulation est faite [&hellip;]<\/p>\n","protected":false},"author":3,"featured_media":0,"parent":0,"menu_order":0,"comment_status":"closed","ping_status":"closed","template":"elementor_header_footer","meta":{"footnotes":""},"class_list":["post-4733","page","type-page","status-publish","hentry"],"yoast_head":"<!-- This site is optimized with the Yoast SEO plugin v27.4 - https:\/\/yoast.com\/product\/yoast-seo-wordpress\/ -->\n<title>Tarifs Taxi Moto - La r\u00e9f\u00e9rence du Moto Taxi \u00e0 Paris - Citybird<\/title>\n<meta name=\"description\" content=\"Tarifs forfaitaires &amp; Paiement s\u00e9curis\u00e9 (CB\/Amex), Paris - CDG \u00e0 partir de 85 \u20ac et Paris - ORY de 65\u20ac, une flotte de 80 taxis moto \u00e0 votre service.\" \/>\n<meta name=\"robots\" content=\"index, follow, max-snippet:-1, max-image-preview:large, max-video-preview:-1\" \/>\n<link rel=\"canonical\" href=\"https:\/\/www.city-bird.com\/en\/nos-tarifs-maxi-scooters-et-moto-taxis\/\" \/>\n<meta property=\"og:locale\" content=\"en_GB\" \/>\n<meta property=\"og:type\" content=\"article\" \/>\n<meta property=\"og:title\" content=\"Tarifs Taxi Moto - La r\u00e9f\u00e9rence du Moto Taxi \u00e0 Paris - Citybird\" \/>\n<meta property=\"og:description\" content=\"Tarifs forfaitaires &amp; Paiement s\u00e9curis\u00e9 (CB\/Amex), Paris - CDG \u00e0 partir de 85 \u20ac et Paris - ORY de 65\u20ac, une flotte de 80 taxis moto \u00e0 votre service.\" \/>\n<meta property=\"og:url\" content=\"https:\/\/www.city-bird.com\/en\/nos-tarifs-maxi-scooters-et-moto-taxis\/\" \/>\n<meta property=\"og:site_name\" content=\"CityBird\" \/>\n<meta property=\"article:publisher\" content=\"https:\/\/www.facebook.com\/officielcitybird\/\" \/>\n<meta property=\"article:modified_time\" content=\"2024-10-24T10:01:55+00:00\" \/>\n<meta name=\"twitter:card\" content=\"summary_large_image\" \/>\n<meta name=\"twitter:label1\" content=\"Estimated reading time\" \/>\n\t<meta name=\"twitter:data1\" content=\"2 minutes\" \/>\n<script type=\"application\/ld+json\" class=\"yoast-schema-graph\">{\"@context\":\"https:\\\/\\\/schema.org\",\"@graph\":[{\"@type\":\"WebPage\",\"@id\":\"https:\\\/\\\/www.city-bird.com\\\/nos-tarifs-maxi-scooters-et-moto-taxis\\\/\",\"url\":\"https:\\\/\\\/www.city-bird.com\\\/nos-tarifs-maxi-scooters-et-moto-taxis\\\/\",\"name\":\"Tarifs Taxi Moto - La r\u00e9f\u00e9rence du Moto Taxi \u00e0 Paris - Citybird\",\"isPartOf\":{\"@id\":\"https:\\\/\\\/www.city-bird.com\\\/#website\"},\"datePublished\":\"2019-09-05T12:36:44+00:00\",\"dateModified\":\"2024-10-24T10:01:55+00:00\",\"description\":\"Tarifs forfaitaires & Paiement s\u00e9curis\u00e9 (CB\\\/Amex), Paris - CDG \u00e0 partir de 85 \u20ac et Paris - ORY de 65\u20ac, une flotte de 80 taxis moto \u00e0 votre service.\",\"breadcrumb\":{\"@id\":\"https:\\\/\\\/www.city-bird.com\\\/nos-tarifs-maxi-scooters-et-moto-taxis\\\/#breadcrumb\"},\"inLanguage\":\"en-GB\",\"potentialAction\":[{\"@type\":\"ReadAction\",\"target\":[\"https:\\\/\\\/www.city-bird.com\\\/nos-tarifs-maxi-scooters-et-moto-taxis\\\/\"]}]},{\"@type\":\"BreadcrumbList\",\"@id\":\"https:\\\/\\\/www.city-bird.com\\\/nos-tarifs-maxi-scooters-et-moto-taxis\\\/#breadcrumb\",\"itemListElement\":[{\"@type\":\"ListItem\",\"position\":1,\"name\":\"Accueil\",\"item\":\"https:\\\/\\\/www.city-bird.com\\\/\"},{\"@type\":\"ListItem\",\"position\":2,\"name\":\"Tarifs Taxi Moto \\\/ Prix Taxi scooter &#8211; Citybird\"}]},{\"@type\":\"WebSite\",\"@id\":\"https:\\\/\\\/www.city-bird.com\\\/#website\",\"url\":\"https:\\\/\\\/www.city-bird.com\\\/\",\"name\":\"CityBird\",\"description\":\"\",\"publisher\":{\"@id\":\"https:\\\/\\\/www.city-bird.com\\\/#organization\"},\"potentialAction\":[{\"@type\":\"SearchAction\",\"target\":{\"@type\":\"EntryPoint\",\"urlTemplate\":\"https:\\\/\\\/www.city-bird.com\\\/?s={search_term_string}\"},\"query-input\":{\"@type\":\"PropertyValueSpecification\",\"valueRequired\":true,\"valueName\":\"search_term_string\"}}],\"inLanguage\":\"en-GB\"},{\"@type\":\"Organization\",\"@id\":\"https:\\\/\\\/www.city-bird.com\\\/#organization\",\"name\":\"CityBird\",\"url\":\"https:\\\/\\\/www.city-bird.com\\\/\",\"logo\":{\"@type\":\"ImageObject\",\"inLanguage\":\"en-GB\",\"@id\":\"https:\\\/\\\/www.city-bird.com\\\/#\\\/schema\\\/logo\\\/image\\\/\",\"url\":\"https:\\\/\\\/www.city-bird.com\\\/wp-content\\\/uploads\\\/2020\\\/04\\\/logo_rond.png\",\"contentUrl\":\"https:\\\/\\\/www.city-bird.com\\\/wp-content\\\/uploads\\\/2020\\\/04\\\/logo_rond.png\",\"width\":400,\"height\":400,\"caption\":\"CityBird\"},\"image\":{\"@id\":\"https:\\\/\\\/www.city-bird.com\\\/#\\\/schema\\\/logo\\\/image\\\/\"},\"sameAs\":[\"https:\\\/\\\/www.facebook.com\\\/officielcitybird\\\/\",\"https:\\\/\\\/www.instagram.com\\\/citybird_fr\\\/?hl=fr\",\"https:\\\/\\\/www.linkedin.com\\\/company\\\/felixcitybird\\\/about\\\/\"]}]}<\/script>\n<!-- \/ Yoast SEO plugin. -->","yoast_head_json":{"title":"Tarifs Taxi Moto - La r\u00e9f\u00e9rence du Moto Taxi \u00e0 Paris - Citybird","description":"Tarifs forfaitaires & Paiement s\u00e9curis\u00e9 (CB\/Amex), Paris - CDG \u00e0 partir de 85 \u20ac et Paris - ORY de 65\u20ac, une flotte de 80 taxis moto \u00e0 votre service.","robots":{"index":"index","follow":"follow","max-snippet":"max-snippet:-1","max-image-preview":"max-image-preview:large","max-video-preview":"max-video-preview:-1"},"canonical":"https:\/\/www.city-bird.com\/en\/nos-tarifs-maxi-scooters-et-moto-taxis\/","og_locale":"en_GB","og_type":"article","og_title":"Tarifs Taxi Moto - La r\u00e9f\u00e9rence du Moto Taxi \u00e0 Paris - Citybird","og_description":"Tarifs forfaitaires & Paiement s\u00e9curis\u00e9 (CB\/Amex), Paris - CDG \u00e0 partir de 85 \u20ac et Paris - ORY de 65\u20ac, une flotte de 80 taxis moto \u00e0 votre service.","og_url":"https:\/\/www.city-bird.com\/en\/nos-tarifs-maxi-scooters-et-moto-taxis\/","og_site_name":"CityBird","article_publisher":"https:\/\/www.facebook.com\/officielcitybird\/","article_modified_time":"2024-10-24T10:01:55+00:00","twitter_card":"summary_large_image","twitter_misc":{"Estimated reading time":"2 minutes"},"schema":{"@context":"https:\/\/schema.org","@graph":[{"@type":"WebPage","@id":"https:\/\/www.city-bird.com\/nos-tarifs-maxi-scooters-et-moto-taxis\/","url":"https:\/\/www.city-bird.com\/nos-tarifs-maxi-scooters-et-moto-taxis\/","name":"Tarifs Taxi Moto - La r\u00e9f\u00e9rence du Moto Taxi \u00e0 Paris - Citybird","isPartOf":{"@id":"https:\/\/www.city-bird.com\/#website"},"datePublished":"2019-09-05T12:36:44+00:00","dateModified":"2024-10-24T10:01:55+00:00","description":"Tarifs forfaitaires & Paiement s\u00e9curis\u00e9 (CB\/Amex), Paris - CDG \u00e0 partir de 85 \u20ac et Paris - ORY de 65\u20ac, une flotte de 80 taxis moto \u00e0 votre service.","breadcrumb":{"@id":"https:\/\/www.city-bird.com\/nos-tarifs-maxi-scooters-et-moto-taxis\/#breadcrumb"},"inLanguage":"en-GB","potentialAction":[{"@type":"ReadAction","target":["https:\/\/www.city-bird.com\/nos-tarifs-maxi-scooters-et-moto-taxis\/"]}]},{"@type":"BreadcrumbList","@id":"https:\/\/www.city-bird.com\/nos-tarifs-maxi-scooters-et-moto-taxis\/#breadcrumb","itemListElement":[{"@type":"ListItem","position":1,"name":"Accueil","item":"https:\/\/www.city-bird.com\/"},{"@type":"ListItem","position":2,"name":"Tarifs Taxi Moto \/ Prix Taxi scooter &#8211; Citybird"}]},{"@type":"WebSite","@id":"https:\/\/www.city-bird.com\/#website","url":"https:\/\/www.city-bird.com\/","name":"CityBird","description":"","publisher":{"@id":"https:\/\/www.city-bird.com\/#organization"},"potentialAction":[{"@type":"SearchAction","target":{"@type":"EntryPoint","urlTemplate":"https:\/\/www.city-bird.com\/?s={search_term_string}"},"query-input":{"@type":"PropertyValueSpecification","valueRequired":true,"valueName":"search_term_string"}}],"inLanguage":"en-GB"},{"@type":"Organization","@id":"https:\/\/www.city-bird.com\/#organization","name":"CityBird","url":"https:\/\/www.city-bird.com\/","logo":{"@type":"ImageObject","inLanguage":"en-GB","@id":"https:\/\/www.city-bird.com\/#\/schema\/logo\/image\/","url":"https:\/\/www.city-bird.com\/wp-content\/uploads\/2020\/04\/logo_rond.png","contentUrl":"https:\/\/www.city-bird.com\/wp-content\/uploads\/2020\/04\/logo_rond.png","width":400,"height":400,"caption":"CityBird"},"image":{"@id":"https:\/\/www.city-bird.com\/#\/schema\/logo\/image\/"},"sameAs":["https:\/\/www.facebook.com\/officielcitybird\/","https:\/\/www.instagram.com\/citybird_fr\/?hl=fr","https:\/\/www.linkedin.com\/company\/felixcitybird\/about\/"]}]}},"_links":{"self":[{"href":"https:\/\/www.city-bird.com\/en\/wp-json\/wp\/v2\/pages\/4733","targetHints":{"allow":["GET"]}}],"collection":[{"href":"https:\/\/www.city-bird.com\/en\/wp-json\/wp\/v2\/pages"}],"about":[{"href":"https:\/\/www.city-bird.com\/en\/wp-json\/wp\/v2\/types\/page"}],"author":[{"embeddable":true,"href":"https:\/\/www.city-bird.com\/en\/wp-json\/wp\/v2\/users\/3"}],"replies":[{"embeddable":true,"href":"https:\/\/www.city-bird.com\/en\/wp-json\/wp\/v2\/comments?post=4733"}],"version-history":[{"count":97,"href":"https:\/\/www.city-bird.com\/en\/wp-json\/wp\/v2\/pages\/4733\/revisions"}],"predecessor-version":[{"id":12282,"href":"https:\/\/www.city-bird.com\/en\/wp-json\/wp\/v2\/pages\/4733\/revisions\/12282"}],"wp:attachment":[{"href":"https:\/\/www.city-bird.com\/en\/wp-json\/wp\/v2\/media?parent=4733"}],"curies":[{"name":"wp","href":"https:\/\/api.w.org\/{rel}","templated":true}]}}