{"id":5309,"date":"2019-09-19T13:21:52","date_gmt":"2019-09-19T11:21:52","guid":{"rendered":"https:\/\/www.city-bird.com\/?page_id=5309"},"modified":"2024-08-05T11:50:39","modified_gmt":"2024-08-05T09:50:39","slug":"taxi-moto-gare-de-lyon","status":"publish","type":"page","link":"https:\/\/www.city-bird.com\/en\/taxi-moto-gare-de-lyon\/","title":{"rendered":"Taxi Moto Gare de Lyon  &#8211; Citybird"},"content":{"rendered":"<div data-elementor-type=\"wp-post\" data-elementor-id=\"5309\" class=\"elementor elementor-5309\">\n\t\t\t\t\t\t<section class=\"elementor-section elementor-top-section elementor-element elementor-element-0ac058e elementor-section-boxed elementor-section-height-default elementor-section-height-default\" data-id=\"0ac058e\" data-element_type=\"section\">\n\t\t\t\t\t\t<div class=\"elementor-container elementor-column-gap-default\">\n\t\t\t\t\t<div class=\"elementor-column elementor-col-100 elementor-top-column elementor-element elementor-element-5a57184 elementor-hidden-phone\" data-id=\"5a57184\" data-element_type=\"column\">\n\t\t\t<div class=\"elementor-widget-wrap\">\n\t\t\t\t\t\t\t<\/div>\n\t\t<\/div>\n\t\t\t\t\t<\/div>\n\t\t<\/section>\n\t\t\t\t<section class=\"elementor-section elementor-top-section elementor-element elementor-element-4d754c6 elementor-section-full_width elementor-section-height-default elementor-section-height-default\" data-id=\"4d754c6\" data-element_type=\"section\" data-settings=\"{&quot;background_background&quot;:&quot;classic&quot;}\">\n\t\t\t\t\t\t<div class=\"elementor-container elementor-column-gap-no\">\n\t\t\t\t\t<div class=\"elementor-column elementor-col-100 elementor-top-column elementor-element elementor-element-2dcdd86\" data-id=\"2dcdd86\" data-element_type=\"column\">\n\t\t\t<div class=\"elementor-widget-wrap elementor-element-populated\">\n\t\t\t\t\t\t<section class=\"elementor-section elementor-inner-section elementor-element elementor-element-2d084e9 elementor-section-full_width elementor-section-height-default elementor-section-height-default\" data-id=\"2d084e9\" data-element_type=\"section\">\n\t\t\t\t\t\t<div class=\"elementor-container elementor-column-gap-no\">\n\t\t\t\t\t<div class=\"elementor-column elementor-col-50 elementor-inner-column elementor-element elementor-element-c124df8\" data-id=\"c124df8\" data-element_type=\"column\">\n\t\t\t<div class=\"elementor-widget-wrap elementor-element-populated\">\n\t\t\t\t\t\t<div class=\"elementor-element elementor-element-b123d0b elementor-widget elementor-widget-spacer\" data-id=\"b123d0b\" data-element_type=\"widget\" data-widget_type=\"spacer.default\">\n\t\t\t\t<div class=\"elementor-widget-container\">\n\t\t\t\t\t\t\t<div class=\"elementor-spacer\">\n\t\t\t<div class=\"elementor-spacer-inner\"><\/div>\n\t\t<\/div>\n\t\t\t\t\t\t<\/div>\n\t\t\t\t<\/div>\n\t\t\t\t<div class=\"elementor-element elementor-element-7aabf61 elementor-widget__width-initial elementor-widget elementor-widget-text-editor\" data-id=\"7aabf61\" data-element_type=\"widget\" data-widget_type=\"text-editor.default\">\n\t\t\t\t<div class=\"elementor-widget-container\">\n\t\t\t\t\t\t\t\t\t<p>Votre Taxi-Moto \u00e0 Gare de Lyon<\/p>\t\t\t\t\t\t\t\t<\/div>\n\t\t\t\t<\/div>\n\t\t\t\t<div class=\"elementor-element elementor-element-ea46164 elementor-align-center elementor-widget elementor-widget-button\" data-id=\"ea46164\" data-element_type=\"widget\" data-widget_type=\"button.default\">\n\t\t\t\t<div class=\"elementor-widget-container\">\n\t\t\t\t\t\t\t\t\t<div class=\"elementor-button-wrapper\">\n\t\t\t\t\t<a class=\"elementor-button elementor-button-link elementor-size-sm elementor-animation-shrink\" href=\"https:\/\/www.motocab.com\/front\/www\/\">\n\t\t\t\t\t\t<span class=\"elementor-button-content-wrapper\">\n\t\t\t\t\t\t\t\t\t<span class=\"elementor-button-text\">Book a ride!<\/span>\n\t\t\t\t\t<\/span>\n\t\t\t\t\t<\/a>\n\t\t\t\t<\/div>\n\t\t\t\t\t\t\t\t<\/div>\n\t\t\t\t<\/div>\n\t\t\t\t<div class=\"elementor-element elementor-element-6dbe026 elementor-widget elementor-widget-spacer\" data-id=\"6dbe026\" data-element_type=\"widget\" data-widget_type=\"spacer.default\">\n\t\t\t\t<div class=\"elementor-widget-container\">\n\t\t\t\t\t\t\t<div class=\"elementor-spacer\">\n\t\t\t<div class=\"elementor-spacer-inner\"><\/div>\n\t\t<\/div>\n\t\t\t\t\t\t<\/div>\n\t\t\t\t<\/div>\n\t\t\t\t\t<\/div>\n\t\t<\/div>\n\t\t\t\t<div class=\"elementor-column elementor-col-50 elementor-inner-column elementor-element elementor-element-6f425f6 elementor-hidden-mobile\" data-id=\"6f425f6\" data-element_type=\"column\" data-settings=\"{&quot;background_background&quot;:&quot;classic&quot;}\">\n\t\t\t<div class=\"elementor-widget-wrap\">\n\t\t\t\t\t\t\t<\/div>\n\t\t<\/div>\n\t\t\t\t\t<\/div>\n\t\t<\/section>\n\t\t\t\t\t<\/div>\n\t\t<\/div>\n\t\t\t\t\t<\/div>\n\t\t<\/section>\n\t\t\t\t<section class=\"elementor-section elementor-top-section elementor-element elementor-element-34d4298 elementor-section-boxed elementor-section-height-default elementor-section-height-default\" data-id=\"34d4298\" data-element_type=\"section\">\n\t\t\t\t\t\t<div class=\"elementor-container elementor-column-gap-default\">\n\t\t\t\t\t<div class=\"elementor-column elementor-col-100 elementor-top-column elementor-element elementor-element-ae95269\" data-id=\"ae95269\" data-element_type=\"column\">\n\t\t\t<div class=\"elementor-widget-wrap elementor-element-populated\">\n\t\t\t\t\t\t<div class=\"elementor-element elementor-element-23909ee elementor-widget elementor-widget-text-editor\" data-id=\"23909ee\" data-element_type=\"widget\" data-widget_type=\"text-editor.default\">\n\t\t\t\t<div class=\"elementor-widget-container\">\n\t\t\t\t\t\t\t\t\t<p class=\"translation-block\">Because it is the starting point for TGVs to the Mediterranean but also to snow-covered tracks, the <b> Gare de Lyon <\/b> is described as a \"holiday station\" but its high traffic is also linked to the development of TGV connections from major cities in the large south-eastern quarter, with Lyon and Marseille in mind? but also from Switzerland and Spain.<\/p><p>Avec une politique tarifaire attrayante, courts s\u00e9jours et d\u00e9placements professionnels sont facilit\u00e9s et si les liaisons TGV vous am\u00e8nent \u00e0 Paris en moins de 3 heures, ce n\u2019est bien s\u00fbr pas pour perdre ensuite 1 heure dans les transports en commun.<\/p><p class=\"translation-block\">By booking your <b> motorcycle taxi in Gare de Lyon <\/b>, you make the choice to optimize your journeys and spend as little time as possible in transport.<\/p><p class=\"translation-block\">Do you think that public transport remains the benchmark in terms of practicality and budget? <span style=\"letter-spacing: 0px\"> Professional meeting is associated with taxi? <\/span> <span style=\"letter-spacing: 0px\"> Do you hesitate on two wheels? <\/span><\/p><p>We can help you in your choice!\u00a0<\/p>\t\t\t\t\t\t\t\t<\/div>\n\t\t\t\t<\/div>\n\t\t\t\t<div class=\"elementor-element elementor-element-41e17ed elementor-widget elementor-widget-heading\" data-id=\"41e17ed\" data-element_type=\"widget\" data-widget_type=\"heading.default\">\n\t\t\t\t<div class=\"elementor-widget-container\">\n\t\t\t\t\t<h2 class=\"elementor-heading-title elementor-size-default\">Public transport without the view of Paris and when you have time <\/h2>\t\t\t\t<\/div>\n\t\t\t\t<\/div>\n\t\t\t\t<div class=\"elementor-element elementor-element-01e0bb0 elementor-widget elementor-widget-text-editor\" data-id=\"01e0bb0\" data-element_type=\"widget\" data-widget_type=\"text-editor.default\">\n\t\t\t\t<div class=\"elementor-widget-container\">\n\t\t\t\t\t\t\t\t\t<p class=\"translation-block\">The <b> Gare de Lyon <\/b> is served by two metro lines (1 and 14) and two RER lines (A and D). Without taking into account the time it will take to buy transport tickets and without counting the vagaries of metro and RER traffic, it will take you on average 25 to 30 minutes to reach La D\u00e9fense. At rush hour, lines 1 and RER A are crowded, do not expect a serene journey time and prepare to be hot!<\/p><p class=\"translation-block\">If you are in transit and have to reach <b> another station <\/b>, plan to face the long corridors of Ch\u00e2telet-Les Halles for the Gare de L'Est and Gare du Nord. Subways and RER remain an economical solution, certainly, but not recommended when you have a timed time and you need peace of mind.<\/p><p>10 lignes de bus desservent la capitale et la premi\u00e8re couronne, une solution \u00e9conomique et id\u00e9ale pour profiter de jolies vues durant votre trajet, sous r\u00e9serve de ne pas \u00eatre en heure de pointe dans un bus bond\u00e9. Malgr\u00e9 des couloirs r\u00e9serv\u00e9s, c\u2019est une solution \u00e0 garder si vous avez du temps devant vous en raison d\u2018arr\u00eat fr\u00e9quent.<\/p>\t\t\t\t\t\t\t\t<\/div>\n\t\t\t\t<\/div>\n\t\t\t\t<div class=\"elementor-element elementor-element-a715e08 elementor-widget elementor-widget-heading\" data-id=\"a715e08\" data-element_type=\"widget\" data-widget_type=\"heading.default\">\n\t\t\t\t<div class=\"elementor-widget-container\">\n\t\t\t\t\t<h2 class=\"elementor-heading-title elementor-size-default\">Cars vs. motorcycles, the advantage of flexibility in ever denser traffic<\/h2>\t\t\t\t<\/div>\n\t\t\t\t<\/div>\n\t\t\t\t<div class=\"elementor-element elementor-element-54bb29a elementor-widget elementor-widget-text-editor\" data-id=\"54bb29a\" data-element_type=\"widget\" data-widget_type=\"text-editor.default\">\n\t\t\t\t<div class=\"elementor-widget-container\">\n\t\t\t\t\t\t\t\t\t<p>Vous avez associ\u00e9 taxi \u00e0 confort de transport et vous avez raison, se laisser transporter est bien agr\u00e9able jusqu\u2019au moment o\u00f9 vous serez rattrap\u00e9 par la circulation parisienne et verrez votre temps de trajet multipli\u00e9 par deux ou plus d\u00e8s lors que vous devrez passer par le centre de la capitale. Au revoir s\u00e9r\u00e9nit\u00e9 et bonjour le compteur qui s\u2019envole sans compter le risque de manquer une correspondance en train ou un avion si vous avez peu de marge.<\/p><p>Associant le confort de transport d\u2019un taxi et la souplesse de conduite du 2 roues pour faire fi des embouteillages, prendre un taxi moto en Gare de Lyon est un mode de transport d\u00e9j\u00e0 adopt\u00e9 par une client\u00e8le d\u2019affaires connue pour son exigence :<\/p><ul><li style=\"list-style-type: none;\"><ul><li class=\"translation-block\"><b> Comfort <\/b> thanks to vehicles chosen for their stability<\/li><li class=\"translation-block\"><span style=\"letter-spacing: 0px\"> <b> Security <\/b> <\/span> <span style=\"letter-spacing: 0px\"> thanks to full equipment, helmet, jacket, glove, raincoat and protective apron, boot covers, which will be given to you by your driver <\/span><\/li><li class=\"translation-block\"><span style=\"letter-spacing: 0px\"> <b> Optimization of your time <\/b> <\/span> <span style=\"letter-spacing: 0px\"> thanks to immediate support at your getting off the train <\/span><\/li><li class=\"translation-block\"><span style=\"letter-spacing: 0px\"> <b> Direct route and guaranteed deadlines <\/b> <\/span> <span style=\"letter-spacing: 0px\"> thanks to a team of experienced drivers who master traffic and Parisian maps <\/span><\/li><\/ul><\/li><\/ul><p>Certifi\u00e9e ISO 9001 et attach\u00e9e \u00e0 la qualit\u00e9 de notre service client, notre \u00e9quipe vous attend en taxi moto pour faciliter tous vos d\u00e9placements.<\/p>\t\t\t\t\t\t\t\t<\/div>\n\t\t\t\t<\/div>\n\t\t\t\t\t<\/div>\n\t\t<\/div>\n\t\t\t\t\t<\/div>\n\t\t<\/section>\n\t\t\t\t<\/div>","protected":false},"excerpt":{"rendered":"<p>Votre Taxi-Moto \u00e0 Gare de Lyon Commander Parce qu\u2019elle est le point de d\u00e9part des TGV vers la M\u00e9diterran\u00e9e mais aussi vers les pistes enneig\u00e9es, la Gare de Lyon est qualifi\u00e9e de \u00ab gare des vacances \u00bb mais sa forte fr\u00e9quentation est aussi li\u00e9e au d\u00e9veloppement des liaisons TGV des grandes villes du grand quart [&hellip;]<\/p>\n","protected":false},"author":3,"featured_media":0,"parent":0,"menu_order":0,"comment_status":"closed","ping_status":"closed","template":"elementor_header_footer","meta":{"footnotes":""},"class_list":["post-5309","page","type-page","status-publish","hentry"],"yoast_head":"<!-- This site is optimized with the Yoast SEO plugin v27.4 - https:\/\/yoast.com\/product\/yoast-seo-wordpress\/ -->\n<title>Taxi Moto Gare de Lyon - R\u00e9servation imm\u00e9diate ou \u00e0 l&#039;avance - Citybird<\/title>\n<meta name=\"description\" content=\"Commandez votre taxi moto \u00e0 la gare de Lyon pour vous d\u00e9placer rapidement \u00e0 Paris et en \u00cele-de-France avec Citybird. R\u00e9servation imm\u00e9diate ou \u00e0 l&#039;avance.\" \/>\n<meta name=\"robots\" content=\"index, follow, max-snippet:-1, max-image-preview:large, max-video-preview:-1\" \/>\n<link rel=\"canonical\" href=\"https:\/\/www.city-bird.com\/en\/taxi-moto-gare-de-lyon\/\" \/>\n<meta property=\"og:locale\" content=\"en_GB\" \/>\n<meta property=\"og:type\" content=\"article\" \/>\n<meta property=\"og:title\" content=\"Taxi Moto Gare de Lyon - R\u00e9servation imm\u00e9diate ou \u00e0 l&#039;avance - Citybird\" \/>\n<meta property=\"og:description\" content=\"Commandez votre taxi moto \u00e0 la gare de Lyon pour vous d\u00e9placer rapidement \u00e0 Paris et en \u00cele-de-France avec Citybird. R\u00e9servation imm\u00e9diate ou \u00e0 l&#039;avance.\" \/>\n<meta property=\"og:url\" content=\"https:\/\/www.city-bird.com\/en\/taxi-moto-gare-de-lyon\/\" \/>\n<meta property=\"og:site_name\" content=\"CityBird\" \/>\n<meta property=\"article:publisher\" content=\"https:\/\/www.facebook.com\/officielcitybird\/\" \/>\n<meta property=\"article:modified_time\" content=\"2024-08-05T09:50:39+00:00\" \/>\n<meta name=\"twitter:card\" content=\"summary_large_image\" \/>\n<meta name=\"twitter:label1\" content=\"Estimated reading time\" \/>\n\t<meta name=\"twitter:data1\" content=\"4 minutes\" \/>\n<script type=\"application\/ld+json\" class=\"yoast-schema-graph\">{\"@context\":\"https:\\\/\\\/schema.org\",\"@graph\":[{\"@type\":\"WebPage\",\"@id\":\"https:\\\/\\\/www.city-bird.com\\\/taxi-moto-gare-de-lyon\\\/\",\"url\":\"https:\\\/\\\/www.city-bird.com\\\/taxi-moto-gare-de-lyon\\\/\",\"name\":\"Taxi Moto Gare de Lyon - R\u00e9servation imm\u00e9diate ou \u00e0 l'avance - Citybird\",\"isPartOf\":{\"@id\":\"https:\\\/\\\/www.city-bird.com\\\/#website\"},\"datePublished\":\"2019-09-19T11:21:52+00:00\",\"dateModified\":\"2024-08-05T09:50:39+00:00\",\"description\":\"Commandez votre taxi moto \u00e0 la gare de Lyon pour vous d\u00e9placer rapidement \u00e0 Paris et en \u00cele-de-France avec Citybird. R\u00e9servation imm\u00e9diate ou \u00e0 l'avance.\",\"breadcrumb\":{\"@id\":\"https:\\\/\\\/www.city-bird.com\\\/taxi-moto-gare-de-lyon\\\/#breadcrumb\"},\"inLanguage\":\"en-GB\",\"potentialAction\":[{\"@type\":\"ReadAction\",\"target\":[\"https:\\\/\\\/www.city-bird.com\\\/taxi-moto-gare-de-lyon\\\/\"]}]},{\"@type\":\"BreadcrumbList\",\"@id\":\"https:\\\/\\\/www.city-bird.com\\\/taxi-moto-gare-de-lyon\\\/#breadcrumb\",\"itemListElement\":[{\"@type\":\"ListItem\",\"position\":1,\"name\":\"Accueil\",\"item\":\"https:\\\/\\\/www.city-bird.com\\\/\"},{\"@type\":\"ListItem\",\"position\":2,\"name\":\"Taxi Moto Gare de Lyon &#8211; Citybird\"}]},{\"@type\":\"WebSite\",\"@id\":\"https:\\\/\\\/www.city-bird.com\\\/#website\",\"url\":\"https:\\\/\\\/www.city-bird.com\\\/\",\"name\":\"CityBird\",\"description\":\"\",\"publisher\":{\"@id\":\"https:\\\/\\\/www.city-bird.com\\\/#organization\"},\"potentialAction\":[{\"@type\":\"SearchAction\",\"target\":{\"@type\":\"EntryPoint\",\"urlTemplate\":\"https:\\\/\\\/www.city-bird.com\\\/?s={search_term_string}\"},\"query-input\":{\"@type\":\"PropertyValueSpecification\",\"valueRequired\":true,\"valueName\":\"search_term_string\"}}],\"inLanguage\":\"en-GB\"},{\"@type\":\"Organization\",\"@id\":\"https:\\\/\\\/www.city-bird.com\\\/#organization\",\"name\":\"CityBird\",\"url\":\"https:\\\/\\\/www.city-bird.com\\\/\",\"logo\":{\"@type\":\"ImageObject\",\"inLanguage\":\"en-GB\",\"@id\":\"https:\\\/\\\/www.city-bird.com\\\/#\\\/schema\\\/logo\\\/image\\\/\",\"url\":\"https:\\\/\\\/www.city-bird.com\\\/wp-content\\\/uploads\\\/2020\\\/04\\\/logo_rond.png\",\"contentUrl\":\"https:\\\/\\\/www.city-bird.com\\\/wp-content\\\/uploads\\\/2020\\\/04\\\/logo_rond.png\",\"width\":400,\"height\":400,\"caption\":\"CityBird\"},\"image\":{\"@id\":\"https:\\\/\\\/www.city-bird.com\\\/#\\\/schema\\\/logo\\\/image\\\/\"},\"sameAs\":[\"https:\\\/\\\/www.facebook.com\\\/officielcitybird\\\/\",\"https:\\\/\\\/www.instagram.com\\\/citybird_fr\\\/?hl=fr\",\"https:\\\/\\\/www.linkedin.com\\\/company\\\/felixcitybird\\\/about\\\/\"]}]}<\/script>\n<!-- \/ Yoast SEO plugin. -->","yoast_head_json":{"title":"Taxi Moto Gare de Lyon - R\u00e9servation imm\u00e9diate ou \u00e0 l'avance - Citybird","description":"Order your motorcycle taxi at Gare de Lyon to get around Paris and \u00cele-de-France quickly with Citybird. Immediate booking or in advance.","robots":{"index":"index","follow":"follow","max-snippet":"max-snippet:-1","max-image-preview":"max-image-preview:large","max-video-preview":"max-video-preview:-1"},"canonical":"https:\/\/www.city-bird.com\/en\/taxi-moto-gare-de-lyon\/","og_locale":"en_GB","og_type":"article","og_title":"Taxi Moto Gare de Lyon - R\u00e9servation imm\u00e9diate ou \u00e0 l'avance - Citybird","og_description":"Commandez votre taxi moto \u00e0 la gare de Lyon pour vous d\u00e9placer rapidement \u00e0 Paris et en \u00cele-de-France avec Citybird. R\u00e9servation imm\u00e9diate ou \u00e0 l'avance.","og_url":"https:\/\/www.city-bird.com\/en\/taxi-moto-gare-de-lyon\/","og_site_name":"CityBird","article_publisher":"https:\/\/www.facebook.com\/officielcitybird\/","article_modified_time":"2024-08-05T09:50:39+00:00","twitter_card":"summary_large_image","twitter_misc":{"Estimated reading time":"4 minutes"},"schema":{"@context":"https:\/\/schema.org","@graph":[{"@type":"WebPage","@id":"https:\/\/www.city-bird.com\/taxi-moto-gare-de-lyon\/","url":"https:\/\/www.city-bird.com\/taxi-moto-gare-de-lyon\/","name":"Taxi Moto Gare de Lyon - R\u00e9servation imm\u00e9diate ou \u00e0 l'avance - Citybird","isPartOf":{"@id":"https:\/\/www.city-bird.com\/#website"},"datePublished":"2019-09-19T11:21:52+00:00","dateModified":"2024-08-05T09:50:39+00:00","description":"Order your motorcycle taxi at Gare de Lyon to get around Paris and \u00cele-de-France quickly with Citybird. Immediate booking or in advance.","breadcrumb":{"@id":"https:\/\/www.city-bird.com\/taxi-moto-gare-de-lyon\/#breadcrumb"},"inLanguage":"en-GB","potentialAction":[{"@type":"ReadAction","target":["https:\/\/www.city-bird.com\/taxi-moto-gare-de-lyon\/"]}]},{"@type":"BreadcrumbList","@id":"https:\/\/www.city-bird.com\/taxi-moto-gare-de-lyon\/#breadcrumb","itemListElement":[{"@type":"ListItem","position":1,"name":"Accueil","item":"https:\/\/www.city-bird.com\/"},{"@type":"ListItem","position":2,"name":"Taxi Moto Gare de Lyon &#8211; Citybird"}]},{"@type":"WebSite","@id":"https:\/\/www.city-bird.com\/#website","url":"https:\/\/www.city-bird.com\/","name":"CityBird","description":"","publisher":{"@id":"https:\/\/www.city-bird.com\/#organization"},"potentialAction":[{"@type":"SearchAction","target":{"@type":"EntryPoint","urlTemplate":"https:\/\/www.city-bird.com\/?s={search_term_string}"},"query-input":{"@type":"PropertyValueSpecification","valueRequired":true,"valueName":"search_term_string"}}],"inLanguage":"en-GB"},{"@type":"Organization","@id":"https:\/\/www.city-bird.com\/#organization","name":"CityBird","url":"https:\/\/www.city-bird.com\/","logo":{"@type":"ImageObject","inLanguage":"en-GB","@id":"https:\/\/www.city-bird.com\/#\/schema\/logo\/image\/","url":"https:\/\/www.city-bird.com\/wp-content\/uploads\/2020\/04\/logo_rond.png","contentUrl":"https:\/\/www.city-bird.com\/wp-content\/uploads\/2020\/04\/logo_rond.png","width":400,"height":400,"caption":"CityBird"},"image":{"@id":"https:\/\/www.city-bird.com\/#\/schema\/logo\/image\/"},"sameAs":["https:\/\/www.facebook.com\/officielcitybird\/","https:\/\/www.instagram.com\/citybird_fr\/?hl=fr","https:\/\/www.linkedin.com\/company\/felixcitybird\/about\/"]}]}},"_links":{"self":[{"href":"https:\/\/www.city-bird.com\/en\/wp-json\/wp\/v2\/pages\/5309","targetHints":{"allow":["GET"]}}],"collection":[{"href":"https:\/\/www.city-bird.com\/en\/wp-json\/wp\/v2\/pages"}],"about":[{"href":"https:\/\/www.city-bird.com\/en\/wp-json\/wp\/v2\/types\/page"}],"author":[{"embeddable":true,"href":"https:\/\/www.city-bird.com\/en\/wp-json\/wp\/v2\/users\/3"}],"replies":[{"embeddable":true,"href":"https:\/\/www.city-bird.com\/en\/wp-json\/wp\/v2\/comments?post=5309"}],"version-history":[{"count":90,"href":"https:\/\/www.city-bird.com\/en\/wp-json\/wp\/v2\/pages\/5309\/revisions"}],"predecessor-version":[{"id":12243,"href":"https:\/\/www.city-bird.com\/en\/wp-json\/wp\/v2\/pages\/5309\/revisions\/12243"}],"wp:attachment":[{"href":"https:\/\/www.city-bird.com\/en\/wp-json\/wp\/v2\/media?parent=5309"}],"curies":[{"name":"wp","href":"https:\/\/api.w.org\/{rel}","templated":true}]}}