{"id":5337,"date":"2019-09-19T14:24:07","date_gmt":"2019-09-19T12:24:07","guid":{"rendered":"https:\/\/www.city-bird.com\/?page_id=5337"},"modified":"2024-08-01T12:41:51","modified_gmt":"2024-08-01T10:41:51","slug":"taxi-moto-la-defense","status":"publish","type":"page","link":"https:\/\/www.city-bird.com\/en\/taxi-moto-la-defense\/","title":{"rendered":"Taxi moto La D\u00e9fense &#8211; Citybird"},"content":{"rendered":"<div data-elementor-type=\"wp-post\" data-elementor-id=\"5337\" class=\"elementor elementor-5337\">\n\t\t\t\t\t\t<section class=\"elementor-section elementor-top-section elementor-element elementor-element-a7cc332 elementor-section-full_width elementor-section-height-default elementor-section-height-default\" data-id=\"a7cc332\" data-element_type=\"section\" data-settings=\"{&quot;background_background&quot;:&quot;classic&quot;}\">\n\t\t\t\t\t\t<div class=\"elementor-container elementor-column-gap-no\">\n\t\t\t\t\t<div class=\"elementor-column elementor-col-100 elementor-top-column elementor-element elementor-element-bccf47e\" data-id=\"bccf47e\" data-element_type=\"column\">\n\t\t\t<div class=\"elementor-widget-wrap elementor-element-populated\">\n\t\t\t\t\t\t<section class=\"elementor-section elementor-inner-section elementor-element elementor-element-e1e87df elementor-section-full_width elementor-section-height-default elementor-section-height-default\" data-id=\"e1e87df\" data-element_type=\"section\">\n\t\t\t\t\t\t<div class=\"elementor-container elementor-column-gap-no\">\n\t\t\t\t\t<div class=\"elementor-column elementor-col-50 elementor-inner-column elementor-element elementor-element-ba558bc\" data-id=\"ba558bc\" data-element_type=\"column\">\n\t\t\t<div class=\"elementor-widget-wrap elementor-element-populated\">\n\t\t\t\t\t\t<div class=\"elementor-element elementor-element-9a26038 elementor-widget elementor-widget-spacer\" data-id=\"9a26038\" data-element_type=\"widget\" data-widget_type=\"spacer.default\">\n\t\t\t\t<div class=\"elementor-widget-container\">\n\t\t\t\t\t\t\t<div class=\"elementor-spacer\">\n\t\t\t<div class=\"elementor-spacer-inner\"><\/div>\n\t\t<\/div>\n\t\t\t\t\t\t<\/div>\n\t\t\t\t<\/div>\n\t\t\t\t<div class=\"elementor-element elementor-element-f8d30bb elementor-widget__width-initial elementor-widget elementor-widget-text-editor\" data-id=\"f8d30bb\" data-element_type=\"widget\" data-widget_type=\"text-editor.default\">\n\t\t\t\t<div class=\"elementor-widget-container\">\n\t\t\t\t\t\t\t\t\t<p>Votre Taxi-Moto \u00e0 La D\u00e9fense<\/p>\t\t\t\t\t\t\t\t<\/div>\n\t\t\t\t<\/div>\n\t\t\t\t<div class=\"elementor-element elementor-element-6c868e1 elementor-align-center elementor-widget elementor-widget-button\" data-id=\"6c868e1\" data-element_type=\"widget\" data-widget_type=\"button.default\">\n\t\t\t\t<div class=\"elementor-widget-container\">\n\t\t\t\t\t\t\t\t\t<div class=\"elementor-button-wrapper\">\n\t\t\t\t\t<a class=\"elementor-button elementor-button-link elementor-size-sm elementor-animation-shrink\" href=\"https:\/\/www.motocab.com\/front\/www\/\">\n\t\t\t\t\t\t<span class=\"elementor-button-content-wrapper\">\n\t\t\t\t\t\t\t\t\t<span class=\"elementor-button-text\">Book a ride!<\/span>\n\t\t\t\t\t<\/span>\n\t\t\t\t\t<\/a>\n\t\t\t\t<\/div>\n\t\t\t\t\t\t\t\t<\/div>\n\t\t\t\t<\/div>\n\t\t\t\t<div class=\"elementor-element elementor-element-6f312ae elementor-widget elementor-widget-spacer\" data-id=\"6f312ae\" data-element_type=\"widget\" data-widget_type=\"spacer.default\">\n\t\t\t\t<div class=\"elementor-widget-container\">\n\t\t\t\t\t\t\t<div class=\"elementor-spacer\">\n\t\t\t<div class=\"elementor-spacer-inner\"><\/div>\n\t\t<\/div>\n\t\t\t\t\t\t<\/div>\n\t\t\t\t<\/div>\n\t\t\t\t\t<\/div>\n\t\t<\/div>\n\t\t\t\t<div class=\"elementor-column elementor-col-50 elementor-inner-column elementor-element elementor-element-65deb8f elementor-hidden-mobile\" data-id=\"65deb8f\" data-element_type=\"column\" data-settings=\"{&quot;background_background&quot;:&quot;classic&quot;}\">\n\t\t\t<div class=\"elementor-widget-wrap\">\n\t\t\t\t\t\t\t<\/div>\n\t\t<\/div>\n\t\t\t\t\t<\/div>\n\t\t<\/section>\n\t\t\t\t\t<\/div>\n\t\t<\/div>\n\t\t\t\t\t<\/div>\n\t\t<\/section>\n\t\t\t\t<section class=\"elementor-section elementor-top-section elementor-element elementor-element-8f39756 elementor-section-boxed elementor-section-height-default elementor-section-height-default\" data-id=\"8f39756\" data-element_type=\"section\">\n\t\t\t\t\t\t<div class=\"elementor-container elementor-column-gap-default\">\n\t\t\t\t\t<div class=\"elementor-column elementor-col-100 elementor-top-column elementor-element elementor-element-78a378f\" data-id=\"78a378f\" data-element_type=\"column\">\n\t\t\t<div class=\"elementor-widget-wrap elementor-element-populated\">\n\t\t\t\t\t\t<div class=\"elementor-element elementor-element-db59ae5 elementor-widget elementor-widget-text-editor\" data-id=\"db59ae5\" data-element_type=\"widget\" data-widget_type=\"text-editor.default\">\n\t\t\t\t<div class=\"elementor-widget-container\">\n\t\t\t\t\t\t\t\t\t<p>La D\u00e9fense est le premier quartier d\u2019affaires en France et voit passer pas loin de 500 000 personnes chaque jour via C\u0153ur Transport, la gare qui la dessert via une station de RER, 3 lignes de transilien, une ligne de m\u00e9tro et 16 lignes de bus.<\/p><p>Ce que vous ne savez peut-\u00eatre pas, c\u2019est que La D\u00e9fense est divis\u00e9e en 15 quartiers marqu\u00e9s par leurs tours embl\u00e9matiques comme C\u0153ur D\u00e9fense, les Reflets, D2, First ou bien encore Kupka et que certaines sont \u00e9loign\u00e9es d\u2019une bonne vingtaine de minutes \u00e0 pieds de la sortie du m\u00e9tro Grande Arche.<\/p><p class=\"translation-block\">Advantage of your professional meetings, the reservation of a motorcycle taxi in La D\u00e9fense v <strong> allows you to move easily and quickly. <\/strong><\/p><p>Si vous n\u2019y aviez pas encore song\u00e9, voici pourquoi faire du taxi moto votre mode de transport privil\u00e9gi\u00e9.<\/p>\t\t\t\t\t\t\t\t<\/div>\n\t\t\t\t<\/div>\n\t\t\t\t<div class=\"elementor-element elementor-element-209e1d0 elementor-widget elementor-widget-heading\" data-id=\"209e1d0\" data-element_type=\"widget\" data-widget_type=\"heading.default\">\n\t\t\t\t<div class=\"elementor-widget-container\">\n\t\t\t\t\t<h2 class=\"elementor-heading-title elementor-size-default\">Parce que transports en commun et voitures ne sont pas toujours vos alli\u00e9s<\/h2>\t\t\t\t<\/div>\n\t\t\t\t<\/div>\n\t\t\t\t<div class=\"elementor-element elementor-element-de9a224 elementor-widget elementor-widget-text-editor\" data-id=\"de9a224\" data-element_type=\"widget\" data-widget_type=\"text-editor.default\">\n\t\t\t\t<div class=\"elementor-widget-container\">\n\t\t\t\t\t\t\t\t\t<p class=\"translation-block\">You arrive in Paris via a train station or an airport, you will need <strong> at least 35 to 45 minutes to reach the Grande Arche <\/strong> of La D\u00e9fense with one or two changes to the metro and RER and once there you will have to reach your meeting place on foot and you just have to look at the map of the business district to realize that <strong> this solution is far from being the most practical <\/strong> to arrive serenely at an appointment - even if it remains the most economical.<\/p><p class=\"translation-block\">You have chosen the taxi, you will gain in transport comfort and be dropped off directly at your meeting place but in addition to a possible wait in the queue of taxis, <strong> you will have to deal with Parisian traffic <\/strong> which often turns out to be nightmarish during rush hour, removing your control of time and your budget.<\/p><p class=\"translation-block\"><strong> The usual time of around thirty minutes <\/strong> to connect Roissy-Charles-de-Gaulle airport to La D\u00e9fense and vice versa can thus double or even triple.<\/p><p class=\"translation-block\">Reaching the main Parisian stations takes, outside peak hours and traffic hazards, <strong> on average 25 minutes and can go to 50 minutes <\/strong> without you being able to control them.<\/p>\t\t\t\t\t\t\t\t<\/div>\n\t\t\t\t<\/div>\n\t\t\t\t<div class=\"elementor-element elementor-element-91c7acd elementor-widget elementor-widget-heading\" data-id=\"91c7acd\" data-element_type=\"widget\" data-widget_type=\"heading.default\">\n\t\t\t\t<div class=\"elementor-widget-container\">\n\t\t\t\t\t<h2 class=\"elementor-heading-title elementor-size-default\">Parce qu'en deux roues, La D\u00e9fense devient pratique et accessible<\/h2>\t\t\t\t<\/div>\n\t\t\t\t<\/div>\n\t\t\t\t<div class=\"elementor-element elementor-element-d266db3 elementor-widget elementor-widget-text-editor\" data-id=\"d266db3\" data-element_type=\"widget\" data-widget_type=\"text-editor.default\">\n\t\t\t\t<div class=\"elementor-widget-container\">\n\t\t\t\t\t\t\t\t\t<p>Particuli\u00e8rement adapt\u00e9 \u00e0 la client\u00e8le d\u2019affaires et au rendez-vous professionnel, le taxi moto, c\u2019est :<\/p><ul><li class=\"translation-block\"><strong> A journey time and a set fare set <\/strong> when you book to allow you to organize,<\/li><li class=\"translation-block\"><strong> An application which allows you to manage the parameters <\/strong> of your races and to follow your driver,<\/li><li class=\"translation-block\"><strong> Direct support when you get off the train or the plane <\/strong> for a journey time optimized by the flexibility of driving the 2 wheels which is not blocked by traffic jams,<\/li><li class=\"translation-block\"><strong> The possibility of reserving your motorcycle taxi for the half day or the day <\/strong> if you have several meetings in the business district and in Paris before taking the train or plane,<\/li><li class=\"translation-block\"><strong> The provision of equipment <\/strong>? safety helmet, protective jacket and gloves, raincoat, long apron and overboots? which allows you to arrive serenely at all your appointments whatever the weather conditions,<\/li><li class=\"translation-block\">A fleet of vehicles chosen for <strong> comfort and stability <\/strong> to ensure the passenger a pleasant journey even if he is not a biker.<\/li><\/ul><p>En optimisant votre temps de trajet comme votre budget, vous vous donnez les meilleures conditions pour arriver sans stress \u00e0 vos rendez-vous et pouvez profiter d\u2019une terrasse parisienne avant de quitter la capitale.<\/p>\t\t\t\t\t\t\t\t<\/div>\n\t\t\t\t<\/div>\n\t\t\t\t\t<\/div>\n\t\t<\/div>\n\t\t\t\t\t<\/div>\n\t\t<\/section>\n\t\t\t\t<\/div>","protected":false},"excerpt":{"rendered":"<p>Votre Taxi-Moto \u00e0 La D\u00e9fense Commander La D\u00e9fense est le premier quartier d\u2019affaires en France et voit passer pas loin de 500 000 personnes chaque jour via C\u0153ur Transport, la gare qui la dessert via une station de RER, 3 lignes de transilien, une ligne de m\u00e9tro et 16 lignes de bus. Ce que vous [&hellip;]<\/p>\n","protected":false},"author":3,"featured_media":0,"parent":0,"menu_order":0,"comment_status":"closed","ping_status":"closed","template":"elementor_header_footer","meta":{"footnotes":""},"class_list":["post-5337","page","type-page","status-publish","hentry"],"yoast_head":"<!-- This site is optimized with the Yoast SEO plugin v27.5 - https:\/\/yoast.com\/product\/yoast-seo-wordpress\/ -->\n<title>Votre taxi moto \u00e0 la D\u00e9fense - Citybird<\/title>\n<meta name=\"description\" content=\"Commandez votre taxi moto \u00e0 la D\u00e9fense pour vous d\u00e9placer rapidement \u00e0 Paris et en \u00cele-de-France avec Citybird. R\u00e9servation imm\u00e9diate ou \u00e0 l&#039;avance.\" \/>\n<meta name=\"robots\" content=\"index, follow, max-snippet:-1, max-image-preview:large, max-video-preview:-1\" \/>\n<link rel=\"canonical\" href=\"https:\/\/www.city-bird.com\/en\/taxi-moto-la-defense\/\" \/>\n<meta property=\"og:locale\" content=\"en_GB\" \/>\n<meta property=\"og:type\" content=\"article\" \/>\n<meta property=\"og:title\" content=\"Votre taxi moto \u00e0 la D\u00e9fense - Citybird\" \/>\n<meta property=\"og:description\" content=\"Commandez votre taxi moto \u00e0 la D\u00e9fense pour vous d\u00e9placer rapidement \u00e0 Paris et en \u00cele-de-France avec Citybird. R\u00e9servation imm\u00e9diate ou \u00e0 l&#039;avance.\" \/>\n<meta property=\"og:url\" content=\"https:\/\/www.city-bird.com\/en\/taxi-moto-la-defense\/\" \/>\n<meta property=\"og:site_name\" content=\"CityBird\" \/>\n<meta property=\"article:publisher\" content=\"https:\/\/www.facebook.com\/officielcitybird\/\" \/>\n<meta property=\"article:modified_time\" content=\"2024-08-01T10:41:51+00:00\" \/>\n<meta name=\"twitter:card\" content=\"summary_large_image\" \/>\n<meta name=\"twitter:label1\" content=\"Estimated reading time\" \/>\n\t<meta name=\"twitter:data1\" content=\"3 minutes\" \/>\n<script type=\"application\/ld+json\" class=\"yoast-schema-graph\">{\"@context\":\"https:\\\/\\\/schema.org\",\"@graph\":[{\"@type\":\"WebPage\",\"@id\":\"https:\\\/\\\/www.city-bird.com\\\/taxi-moto-la-defense\\\/\",\"url\":\"https:\\\/\\\/www.city-bird.com\\\/taxi-moto-la-defense\\\/\",\"name\":\"Votre taxi moto \u00e0 la D\u00e9fense - Citybird\",\"isPartOf\":{\"@id\":\"https:\\\/\\\/www.city-bird.com\\\/#website\"},\"datePublished\":\"2019-09-19T12:24:07+00:00\",\"dateModified\":\"2024-08-01T10:41:51+00:00\",\"description\":\"Commandez votre taxi moto \u00e0 la D\u00e9fense pour vous d\u00e9placer rapidement \u00e0 Paris et en \u00cele-de-France avec Citybird. R\u00e9servation imm\u00e9diate ou \u00e0 l'avance.\",\"breadcrumb\":{\"@id\":\"https:\\\/\\\/www.city-bird.com\\\/taxi-moto-la-defense\\\/#breadcrumb\"},\"inLanguage\":\"en-GB\",\"potentialAction\":[{\"@type\":\"ReadAction\",\"target\":[\"https:\\\/\\\/www.city-bird.com\\\/taxi-moto-la-defense\\\/\"]}]},{\"@type\":\"BreadcrumbList\",\"@id\":\"https:\\\/\\\/www.city-bird.com\\\/taxi-moto-la-defense\\\/#breadcrumb\",\"itemListElement\":[{\"@type\":\"ListItem\",\"position\":1,\"name\":\"Accueil\",\"item\":\"https:\\\/\\\/www.city-bird.com\\\/\"},{\"@type\":\"ListItem\",\"position\":2,\"name\":\"Taxi moto La D\u00e9fense &#8211; Citybird\"}]},{\"@type\":\"WebSite\",\"@id\":\"https:\\\/\\\/www.city-bird.com\\\/#website\",\"url\":\"https:\\\/\\\/www.city-bird.com\\\/\",\"name\":\"CityBird\",\"description\":\"\",\"publisher\":{\"@id\":\"https:\\\/\\\/www.city-bird.com\\\/#organization\"},\"potentialAction\":[{\"@type\":\"SearchAction\",\"target\":{\"@type\":\"EntryPoint\",\"urlTemplate\":\"https:\\\/\\\/www.city-bird.com\\\/?s={search_term_string}\"},\"query-input\":{\"@type\":\"PropertyValueSpecification\",\"valueRequired\":true,\"valueName\":\"search_term_string\"}}],\"inLanguage\":\"en-GB\"},{\"@type\":\"Organization\",\"@id\":\"https:\\\/\\\/www.city-bird.com\\\/#organization\",\"name\":\"CityBird\",\"url\":\"https:\\\/\\\/www.city-bird.com\\\/\",\"logo\":{\"@type\":\"ImageObject\",\"inLanguage\":\"en-GB\",\"@id\":\"https:\\\/\\\/www.city-bird.com\\\/#\\\/schema\\\/logo\\\/image\\\/\",\"url\":\"https:\\\/\\\/www.city-bird.com\\\/wp-content\\\/uploads\\\/2020\\\/04\\\/logo_rond.png\",\"contentUrl\":\"https:\\\/\\\/www.city-bird.com\\\/wp-content\\\/uploads\\\/2020\\\/04\\\/logo_rond.png\",\"width\":400,\"height\":400,\"caption\":\"CityBird\"},\"image\":{\"@id\":\"https:\\\/\\\/www.city-bird.com\\\/#\\\/schema\\\/logo\\\/image\\\/\"},\"sameAs\":[\"https:\\\/\\\/www.facebook.com\\\/officielcitybird\\\/\",\"https:\\\/\\\/www.instagram.com\\\/citybird_fr\\\/?hl=fr\",\"https:\\\/\\\/www.linkedin.com\\\/company\\\/felixcitybird\\\/about\\\/\"]}]}<\/script>\n<!-- \/ Yoast SEO plugin. -->","yoast_head_json":{"title":"Motorbike taxi La D\u00e9fense, book a Motorcycle Taxi - Citybird","description":"Order your motorcycle taxi at La D\u00e9fense to move quickly in Paris and \u00cele-de-France with Citybird. Reservation immediately or in advance.","robots":{"index":"index","follow":"follow","max-snippet":"max-snippet:-1","max-image-preview":"max-image-preview:large","max-video-preview":"max-video-preview:-1"},"canonical":"https:\/\/www.city-bird.com\/en\/taxi-moto-la-defense\/","og_locale":"en_GB","og_type":"article","og_title":"Votre taxi moto \u00e0 la D\u00e9fense - Citybird","og_description":"Commandez votre taxi moto \u00e0 la D\u00e9fense pour vous d\u00e9placer rapidement \u00e0 Paris et en \u00cele-de-France avec Citybird. R\u00e9servation imm\u00e9diate ou \u00e0 l'avance.","og_url":"https:\/\/www.city-bird.com\/en\/taxi-moto-la-defense\/","og_site_name":"CityBird","article_publisher":"https:\/\/www.facebook.com\/officielcitybird\/","article_modified_time":"2024-08-01T10:41:51+00:00","twitter_card":"summary_large_image","twitter_misc":{"Estimated reading time":"3 minutes"},"schema":{"@context":"https:\/\/schema.org","@graph":[{"@type":"WebPage","@id":"https:\/\/www.city-bird.com\/taxi-moto-la-defense\/","url":"https:\/\/www.city-bird.com\/taxi-moto-la-defense\/","name":"Motorbike taxi La D\u00e9fense, book a Motorcycle Taxi - Citybird","isPartOf":{"@id":"https:\/\/www.city-bird.com\/#website"},"datePublished":"2019-09-19T12:24:07+00:00","dateModified":"2024-08-01T10:41:51+00:00","description":"Order your motorcycle taxi at La D\u00e9fense to move quickly in Paris and \u00cele-de-France with Citybird. Reservation immediately or in advance.","breadcrumb":{"@id":"https:\/\/www.city-bird.com\/taxi-moto-la-defense\/#breadcrumb"},"inLanguage":"en-GB","potentialAction":[{"@type":"ReadAction","target":["https:\/\/www.city-bird.com\/taxi-moto-la-defense\/"]}]},{"@type":"BreadcrumbList","@id":"https:\/\/www.city-bird.com\/taxi-moto-la-defense\/#breadcrumb","itemListElement":[{"@type":"ListItem","position":1,"name":"Accueil","item":"https:\/\/www.city-bird.com\/"},{"@type":"ListItem","position":2,"name":"Taxi moto La D\u00e9fense &#8211; Citybird"}]},{"@type":"WebSite","@id":"https:\/\/www.city-bird.com\/#website","url":"https:\/\/www.city-bird.com\/","name":"CityBird","description":"","publisher":{"@id":"https:\/\/www.city-bird.com\/#organization"},"potentialAction":[{"@type":"SearchAction","target":{"@type":"EntryPoint","urlTemplate":"https:\/\/www.city-bird.com\/?s={search_term_string}"},"query-input":{"@type":"PropertyValueSpecification","valueRequired":true,"valueName":"search_term_string"}}],"inLanguage":"en-GB"},{"@type":"Organization","@id":"https:\/\/www.city-bird.com\/#organization","name":"CityBird","url":"https:\/\/www.city-bird.com\/","logo":{"@type":"ImageObject","inLanguage":"en-GB","@id":"https:\/\/www.city-bird.com\/#\/schema\/logo\/image\/","url":"https:\/\/www.city-bird.com\/wp-content\/uploads\/2020\/04\/logo_rond.png","contentUrl":"https:\/\/www.city-bird.com\/wp-content\/uploads\/2020\/04\/logo_rond.png","width":400,"height":400,"caption":"CityBird"},"image":{"@id":"https:\/\/www.city-bird.com\/#\/schema\/logo\/image\/"},"sameAs":["https:\/\/www.facebook.com\/officielcitybird\/","https:\/\/www.instagram.com\/citybird_fr\/?hl=fr","https:\/\/www.linkedin.com\/company\/felixcitybird\/about\/"]}]}},"_links":{"self":[{"href":"https:\/\/www.city-bird.com\/en\/wp-json\/wp\/v2\/pages\/5337","targetHints":{"allow":["GET"]}}],"collection":[{"href":"https:\/\/www.city-bird.com\/en\/wp-json\/wp\/v2\/pages"}],"about":[{"href":"https:\/\/www.city-bird.com\/en\/wp-json\/wp\/v2\/types\/page"}],"author":[{"embeddable":true,"href":"https:\/\/www.city-bird.com\/en\/wp-json\/wp\/v2\/users\/3"}],"replies":[{"embeddable":true,"href":"https:\/\/www.city-bird.com\/en\/wp-json\/wp\/v2\/comments?post=5337"}],"version-history":[{"count":70,"href":"https:\/\/www.city-bird.com\/en\/wp-json\/wp\/v2\/pages\/5337\/revisions"}],"predecessor-version":[{"id":12192,"href":"https:\/\/www.city-bird.com\/en\/wp-json\/wp\/v2\/pages\/5337\/revisions\/12192"}],"wp:attachment":[{"href":"https:\/\/www.city-bird.com\/en\/wp-json\/wp\/v2\/media?parent=5337"}],"curies":[{"name":"wp","href":"https:\/\/api.w.org\/{rel}","templated":true}]}}