{"id":5373,"date":"2019-09-19T14:57:54","date_gmt":"2019-09-19T12:57:54","guid":{"rendered":"https:\/\/www.city-bird.com\/?page_id=5373"},"modified":"2024-07-30T10:56:59","modified_gmt":"2024-07-30T08:56:59","slug":"retrouvez-facilement-votre-taxi-moto-citybird","status":"publish","type":"page","link":"https:\/\/www.city-bird.com\/en\/retrouvez-facilement-votre-taxi-moto-citybird\/","title":{"rendered":"Taxi Moto &#8211; Citybird &#8211; Points de rencontre \u00e0 CDG &#8211; ORLY &#8211; GARES"},"content":{"rendered":"<div data-elementor-type=\"wp-post\" data-elementor-id=\"5373\" class=\"elementor elementor-5373\">\n\t\t\t\t\t\t<section class=\"elementor-section elementor-top-section elementor-element elementor-element-d31b2c9 elementor-section-full_width elementor-section-height-default elementor-section-height-default\" data-id=\"d31b2c9\" data-element_type=\"section\" data-settings=\"{&quot;background_background&quot;:&quot;classic&quot;}\">\n\t\t\t\t\t\t<div class=\"elementor-container elementor-column-gap-no\">\n\t\t\t\t\t<div class=\"elementor-column elementor-col-100 elementor-top-column elementor-element elementor-element-84ca3b9\" data-id=\"84ca3b9\" data-element_type=\"column\">\n\t\t\t<div class=\"elementor-widget-wrap elementor-element-populated\">\n\t\t\t\t\t\t<section class=\"elementor-section elementor-inner-section elementor-element elementor-element-0c1ca39 elementor-section-full_width elementor-section-height-default elementor-section-height-default\" data-id=\"0c1ca39\" data-element_type=\"section\">\n\t\t\t\t\t\t<div class=\"elementor-container elementor-column-gap-no\">\n\t\t\t\t\t<div class=\"elementor-column elementor-col-100 elementor-inner-column elementor-element elementor-element-a0e2877\" data-id=\"a0e2877\" data-element_type=\"column\">\n\t\t\t<div class=\"elementor-widget-wrap elementor-element-populated\">\n\t\t\t\t\t\t<div class=\"elementor-element elementor-element-63222b9 elementor-widget__width-initial elementor-widget elementor-widget-text-editor\" data-id=\"63222b9\" data-element_type=\"widget\" data-widget_type=\"text-editor.default\">\n\t\t\t\t<div class=\"elementor-widget-container\">\n\t\t\t\t\t\t\t\t\tTaxi moto : Nos points de rencontres\u200b\t\t\t\t\t\t\t\t<\/div>\n\t\t\t\t<\/div>\n\t\t\t\t<div class=\"elementor-element elementor-element-2a5c28b elementor-widget__width-initial elementor-widget elementor-widget-text-editor\" data-id=\"2a5c28b\" data-element_type=\"widget\" data-widget_type=\"text-editor.default\">\n\t\t\t\t<div class=\"elementor-widget-container\">\n\t\t\t\t\t\t\t\t\tDans le cas ou vous ne trouveriez pas votre pilote de moto taxi, voici la liste des points de rencontre avec votre chauffeur moto aux a\u00e9roports et gares de Paris.\t\t\t\t\t\t\t\t<\/div>\n\t\t\t\t<\/div>\n\t\t\t\t<div class=\"elementor-element elementor-element-6985395 elementor-align-center elementor-widget elementor-widget-button\" data-id=\"6985395\" data-element_type=\"widget\" data-widget_type=\"button.default\">\n\t\t\t\t<div class=\"elementor-widget-container\">\n\t\t\t\t\t\t\t\t\t<div class=\"elementor-button-wrapper\">\n\t\t\t\t\t<a class=\"elementor-button elementor-button-link elementor-size-sm elementor-animation-shrink\" href=\"https:\/\/www.city-bird.com\/en\/contactez-nous\/\">\n\t\t\t\t\t\t<span class=\"elementor-button-content-wrapper\">\n\t\t\t\t\t\t\t\t\t<span class=\"elementor-button-text\">CONTACT US<\/span>\n\t\t\t\t\t<\/span>\n\t\t\t\t\t<\/a>\n\t\t\t\t<\/div>\n\t\t\t\t\t\t\t\t<\/div>\n\t\t\t\t<\/div>\n\t\t\t\t\t<\/div>\n\t\t<\/div>\n\t\t\t\t\t<\/div>\n\t\t<\/section>\n\t\t\t\t\t<\/div>\n\t\t<\/div>\n\t\t\t\t\t<\/div>\n\t\t<\/section>\n\t\t\t\t<section class=\"elementor-section elementor-top-section elementor-element elementor-element-cd5d367 elementor-section-boxed elementor-section-height-default elementor-section-height-default\" data-id=\"cd5d367\" data-element_type=\"section\">\n\t\t\t\t\t\t<div class=\"elementor-container elementor-column-gap-default\">\n\t\t\t\t\t<div class=\"elementor-column elementor-col-100 elementor-top-column elementor-element elementor-element-a706d39\" data-id=\"a706d39\" data-element_type=\"column\">\n\t\t\t<div class=\"elementor-widget-wrap elementor-element-populated\">\n\t\t\t\t\t\t<div class=\"elementor-element elementor-element-f816e94 elementor-widget__width-initial elementor-widget elementor-widget-toggle\" data-id=\"f816e94\" data-element_type=\"widget\" data-widget_type=\"toggle.default\">\n\t\t\t\t<div class=\"elementor-widget-container\">\n\t\t\t\t\t\t\t<div class=\"elementor-toggle\">\n\t\t\t\t\t\t\t<div class=\"elementor-toggle-item\">\n\t\t\t\t\t<h2 id=\"elementor-tab-title-2601\" class=\"elementor-tab-title\" data-tab=\"1\" role=\"button\" aria-controls=\"elementor-tab-content-2601\" aria-expanded=\"false\">\n\t\t\t\t\t\t\t\t\t\t\t\t<span class=\"elementor-toggle-icon elementor-toggle-icon-left\" aria-hidden=\"true\">\n\t\t\t\t\t\t\t\t\t\t\t\t\t\t\t<span class=\"elementor-toggle-icon-closed\"><i class=\"fas fa-caret-right\"><\/i><\/span>\n\t\t\t\t\t\t\t\t<span class=\"elementor-toggle-icon-opened\"><i class=\"elementor-toggle-icon-opened fas fa-caret-up\"><\/i><\/span>\n\t\t\t\t\t\t\t\t\t\t\t\t\t<\/span>\n\t\t\t\t\t\t\t\t\t\t\t\t<a class=\"elementor-toggle-title\" tabindex=\"0\">Orly Airport<\/a>\n\t\t\t\t\t<\/h2>\n\n\t\t\t\t\t<div id=\"elementor-tab-content-2601\" class=\"elementor-tab-content elementor-clearfix\" data-tab=\"1\" role=\"region\" aria-labelledby=\"elementor-tab-title-2601\"><p><strong>Orly&nbsp;1&amp;2<br><\/strong>Niveau \u201cArriv\u00e9es\u201d \u2013 Porte 10A \u2013 Suivre Taxi et VTC r\u00e9serv\u00e9 &#8211; \u00ab\u00a0Parking Pro\u00a0\u00bb<\/p>\n<p><strong>Orly 3<br><\/strong>Niveau \u201cArriv\u00e9es\u201d \u2013 Porte 32A \u2013 A droite \u00e0 l&rsquo;ascenseur suivre l&rsquo;indication Taxi et VTC r\u00e9serv\u00e9 &#8211; \u00ab\u00a0Parking Pro\u00a0\u00bb Niveau 0 P3<\/p>\n<p><strong>Orly&nbsp;4<br><\/strong>\u00ab\u00a0Parking Pro\u00a0\u00bb : en face de la porte 48D<br><\/p><\/div>\n\t\t\t\t<\/div>\n\t\t\t\t\t\t\t<div class=\"elementor-toggle-item\">\n\t\t\t\t\t<h2 id=\"elementor-tab-title-2602\" class=\"elementor-tab-title\" data-tab=\"2\" role=\"button\" aria-controls=\"elementor-tab-content-2602\" aria-expanded=\"false\">\n\t\t\t\t\t\t\t\t\t\t\t\t<span class=\"elementor-toggle-icon elementor-toggle-icon-left\" aria-hidden=\"true\">\n\t\t\t\t\t\t\t\t\t\t\t\t\t\t\t<span class=\"elementor-toggle-icon-closed\"><i class=\"fas fa-caret-right\"><\/i><\/span>\n\t\t\t\t\t\t\t\t<span class=\"elementor-toggle-icon-opened\"><i class=\"elementor-toggle-icon-opened fas fa-caret-up\"><\/i><\/span>\n\t\t\t\t\t\t\t\t\t\t\t\t\t<\/span>\n\t\t\t\t\t\t\t\t\t\t\t\t<a class=\"elementor-toggle-title\" tabindex=\"0\">Roissy CDG Airport<\/a>\n\t\t\t\t\t<\/h2>\n\n\t\t\t\t\t<div id=\"elementor-tab-content-2602\" class=\"elementor-tab-content elementor-clearfix\" data-tab=\"2\" role=\"region\" aria-labelledby=\"elementor-tab-title-2602\"><p><strong>Roissy Terminal 1<br>\n<\/strong><span class=\"s1\">Parking Pro Face \u00e0 la Porte 2 \u2013 Niveau D\u00e9parts<\/span><\/p>\n<p><strong>Roissy Terminaux 2A \u2013 2B<br>\n<\/strong><span class=\"s1\">Parking Pro du terminal A ou B, ascenseur, suivre pr\u00e9-r\u00e9serv\u00e9s<\/span><\/p>\n<p><strong>Roissy Terminaux 2C \u2013 2D<br>\n<\/strong><span class=\"s1\">Parking Pro du terminal C ou D,&nbsp;ascenseur, suivre pr\u00e9-r\u00e9serv\u00e9s<\/span><\/p>\n<p><strong>Roissy Terminal 2E \u2013 2F<br>\n<\/strong><span class=\"s1\">Parking Pro niveau arriv\u00e9es \u2013 Face \u00e0 la porte 16<\/span><\/p>\n<p><strong>Roissy Terminal 2G<br>\n<\/strong>Parking d\u00e9pose minute &#8211; Face \u00e0 l&rsquo;entr\u00e9e principale<\/p>\n<p><strong>Roissy Terminal 3<br>\n<\/strong>Porte arriv\u00e9es \u2013 T\u00eate de station de Taxis<\/p><\/div>\n\t\t\t\t<\/div>\n\t\t\t\t\t\t\t<div class=\"elementor-toggle-item\">\n\t\t\t\t\t<h2 id=\"elementor-tab-title-2603\" class=\"elementor-tab-title\" data-tab=\"3\" role=\"button\" aria-controls=\"elementor-tab-content-2603\" aria-expanded=\"false\">\n\t\t\t\t\t\t\t\t\t\t\t\t<span class=\"elementor-toggle-icon elementor-toggle-icon-left\" aria-hidden=\"true\">\n\t\t\t\t\t\t\t\t\t\t\t\t\t\t\t<span class=\"elementor-toggle-icon-closed\"><i class=\"fas fa-caret-right\"><\/i><\/span>\n\t\t\t\t\t\t\t\t<span class=\"elementor-toggle-icon-opened\"><i class=\"elementor-toggle-icon-opened fas fa-caret-up\"><\/i><\/span>\n\t\t\t\t\t\t\t\t\t\t\t\t\t<\/span>\n\t\t\t\t\t\t\t\t\t\t\t\t<a class=\"elementor-toggle-title\" tabindex=\"0\">Train stations<\/a>\n\t\t\t\t\t<\/h2>\n\n\t\t\t\t\t<div id=\"elementor-tab-content-2603\" class=\"elementor-tab-content elementor-clearfix\" data-tab=\"3\" role=\"region\" aria-labelledby=\"elementor-tab-title-2603\"><p><strong><span>Gare de Lyon&nbsp;<br><\/span><\/strong>Brasserie L&rsquo;Europ\u00e9en<\/p>\n<p><span><b>Gare de Bercy<br><\/b><\/span><span>Entr\u00e9e de la gare<\/span><\/p>\n<p><span><b>Gare Montparnasse<br><\/b><\/span><span>Sortie rue du Commandant Mouchotte (\u00e0 droite en sortant des grandes lignes), En bas des escalators<\/span><\/p>\n<p class=\"translation-block\"><span class=\"s1\"><b>Gare Vaugirard (Montparnasse 3)<br><\/b><\/span><span class=\"s1\">Rue du Cotentin in front of the taxi rank \u00a0<\/span><\/p>\n<p><span><b>Gare du Nord<br><\/b><\/span><span>Main exit in front of Hippopotamus<\/span><\/p>\n<p><span><b>Gare Saint Lazare<br><\/b><\/span><span>T\u00eate de station Taxis \u2013 Rue Int\u00e9rieure \u2013 Cour de Rome<\/span><\/p>\n<p><span><b>Gare de l\u2019Est&nbsp;<br><\/b><\/span>In front of the main gate<br><\/p>\n<p><span><b>Gare d\u2019Austerlitz<br><\/b><\/span>Cour de Seine taxi rank<br><\/p><\/div>\n\t\t\t\t<\/div>\n\t\t\t\t\t\t\t\t<\/div>\n\t\t\t\t\t\t<\/div>\n\t\t\t\t<\/div>\n\t\t\t\t\t<\/div>\n\t\t<\/div>\n\t\t\t\t\t<\/div>\n\t\t<\/section>\n\t\t\t\t<section class=\"elementor-section elementor-top-section elementor-element elementor-element-c985e40 elementor-section-boxed elementor-section-height-default elementor-section-height-default\" data-id=\"c985e40\" data-element_type=\"section\">\n\t\t\t\t\t\t<div class=\"elementor-container elementor-column-gap-default\">\n\t\t\t\t\t<div class=\"elementor-column elementor-col-100 elementor-top-column elementor-element elementor-element-efde928\" data-id=\"efde928\" data-element_type=\"column\">\n\t\t\t<div class=\"elementor-widget-wrap elementor-element-populated\">\n\t\t\t\t\t\t<div class=\"elementor-element elementor-element-cd2c9d8 elementor-align-center elementor-widget elementor-widget-button\" data-id=\"cd2c9d8\" data-element_type=\"widget\" data-widget_type=\"button.default\">\n\t\t\t\t<div class=\"elementor-widget-container\">\n\t\t\t\t\t\t\t\t\t<div class=\"elementor-button-wrapper\">\n\t\t\t\t\t<a class=\"elementor-button elementor-button-link elementor-size-sm elementor-animation-shrink\" href=\"https:\/\/www.motocab.com\/front\/www\/\">\n\t\t\t\t\t\t<span class=\"elementor-button-content-wrapper\">\n\t\t\t\t\t\t\t\t\t<span class=\"elementor-button-text\">Book a ride!<\/span>\n\t\t\t\t\t<\/span>\n\t\t\t\t\t<\/a>\n\t\t\t\t<\/div>\n\t\t\t\t\t\t\t\t<\/div>\n\t\t\t\t<\/div>\n\t\t\t\t\t<\/div>\n\t\t<\/div>\n\t\t\t\t\t<\/div>\n\t\t<\/section>\n\t\t\t\t<\/div>","protected":false},"excerpt":{"rendered":"<p>Taxi moto : Nos points de rencontres\u200bDans le cas ou vous ne trouveriez pas votre pilote de moto taxi, voici la liste des points de rencontre avec votre chauffeur moto aux a\u00e9roports et gares de Paris. Nous contacter A\u00e9roports Orly Orly&nbsp;1&amp;2Niveau \u201cArriv\u00e9es\u201d \u2013 Porte 10A \u2013 Suivre Taxi et VTC r\u00e9serv\u00e9 &#8211; \u00ab\u00a0Parking Pro\u00a0\u00bb Orly [&hellip;]<\/p>\n","protected":false},"author":3,"featured_media":0,"parent":0,"menu_order":0,"comment_status":"closed","ping_status":"closed","template":"elementor_header_footer","meta":{"footnotes":""},"class_list":["post-5373","page","type-page","status-publish","hentry"],"yoast_head":"<!-- This site is optimized with the Yoast SEO plugin v27.4 - https:\/\/yoast.com\/product\/yoast-seo-wordpress\/ -->\n<title>Taxi Moto - Citybird - Points de rencontre \u00e0 CDG - ORLY - GARES<\/title>\n<meta name=\"description\" content=\"Retrouvez tous les points de rencontre de votre taxi moto, aux gares et a\u00e9roports pour chaque terminal.\" \/>\n<meta name=\"robots\" content=\"index, follow, max-snippet:-1, max-image-preview:large, max-video-preview:-1\" \/>\n<link rel=\"canonical\" href=\"https:\/\/www.city-bird.com\/en\/retrouvez-facilement-votre-taxi-moto-citybird\/\" \/>\n<meta property=\"og:locale\" content=\"en_GB\" \/>\n<meta property=\"og:type\" content=\"article\" \/>\n<meta property=\"og:title\" content=\"Taxi Moto - Citybird - Points de rencontre \u00e0 CDG - ORLY - GARES\" \/>\n<meta property=\"og:description\" content=\"Retrouvez tous les points de rencontre de votre taxi moto, aux gares et a\u00e9roports pour chaque terminal.\" \/>\n<meta property=\"og:url\" content=\"https:\/\/www.city-bird.com\/en\/retrouvez-facilement-votre-taxi-moto-citybird\/\" \/>\n<meta property=\"og:site_name\" content=\"CityBird\" \/>\n<meta property=\"article:publisher\" content=\"https:\/\/www.facebook.com\/officielcitybird\/\" \/>\n<meta property=\"article:modified_time\" content=\"2024-07-30T08:56:59+00:00\" \/>\n<meta name=\"twitter:card\" content=\"summary_large_image\" \/>\n<meta name=\"twitter:label1\" content=\"Estimated reading time\" \/>\n\t<meta name=\"twitter:data1\" content=\"2 minutes\" \/>\n<script type=\"application\/ld+json\" class=\"yoast-schema-graph\">{\"@context\":\"https:\\\/\\\/schema.org\",\"@graph\":[{\"@type\":\"WebPage\",\"@id\":\"https:\\\/\\\/www.city-bird.com\\\/retrouvez-facilement-votre-taxi-moto-citybird\\\/\",\"url\":\"https:\\\/\\\/www.city-bird.com\\\/retrouvez-facilement-votre-taxi-moto-citybird\\\/\",\"name\":\"Taxi Moto - Citybird - Points de rencontre \u00e0 CDG - ORLY - GARES\",\"isPartOf\":{\"@id\":\"https:\\\/\\\/www.city-bird.com\\\/#website\"},\"datePublished\":\"2019-09-19T12:57:54+00:00\",\"dateModified\":\"2024-07-30T08:56:59+00:00\",\"description\":\"Retrouvez tous les points de rencontre de votre taxi moto, aux gares et a\u00e9roports pour chaque terminal.\",\"breadcrumb\":{\"@id\":\"https:\\\/\\\/www.city-bird.com\\\/retrouvez-facilement-votre-taxi-moto-citybird\\\/#breadcrumb\"},\"inLanguage\":\"en-GB\",\"potentialAction\":[{\"@type\":\"ReadAction\",\"target\":[\"https:\\\/\\\/www.city-bird.com\\\/retrouvez-facilement-votre-taxi-moto-citybird\\\/\"]}]},{\"@type\":\"BreadcrumbList\",\"@id\":\"https:\\\/\\\/www.city-bird.com\\\/retrouvez-facilement-votre-taxi-moto-citybird\\\/#breadcrumb\",\"itemListElement\":[{\"@type\":\"ListItem\",\"position\":1,\"name\":\"Accueil\",\"item\":\"https:\\\/\\\/www.city-bird.com\\\/\"},{\"@type\":\"ListItem\",\"position\":2,\"name\":\"Taxi Moto &#8211; Citybird &#8211; Points de rencontre \u00e0 CDG &#8211; ORLY &#8211; GARES\"}]},{\"@type\":\"WebSite\",\"@id\":\"https:\\\/\\\/www.city-bird.com\\\/#website\",\"url\":\"https:\\\/\\\/www.city-bird.com\\\/\",\"name\":\"CityBird\",\"description\":\"\",\"publisher\":{\"@id\":\"https:\\\/\\\/www.city-bird.com\\\/#organization\"},\"potentialAction\":[{\"@type\":\"SearchAction\",\"target\":{\"@type\":\"EntryPoint\",\"urlTemplate\":\"https:\\\/\\\/www.city-bird.com\\\/?s={search_term_string}\"},\"query-input\":{\"@type\":\"PropertyValueSpecification\",\"valueRequired\":true,\"valueName\":\"search_term_string\"}}],\"inLanguage\":\"en-GB\"},{\"@type\":\"Organization\",\"@id\":\"https:\\\/\\\/www.city-bird.com\\\/#organization\",\"name\":\"CityBird\",\"url\":\"https:\\\/\\\/www.city-bird.com\\\/\",\"logo\":{\"@type\":\"ImageObject\",\"inLanguage\":\"en-GB\",\"@id\":\"https:\\\/\\\/www.city-bird.com\\\/#\\\/schema\\\/logo\\\/image\\\/\",\"url\":\"https:\\\/\\\/www.city-bird.com\\\/wp-content\\\/uploads\\\/2020\\\/04\\\/logo_rond.png\",\"contentUrl\":\"https:\\\/\\\/www.city-bird.com\\\/wp-content\\\/uploads\\\/2020\\\/04\\\/logo_rond.png\",\"width\":400,\"height\":400,\"caption\":\"CityBird\"},\"image\":{\"@id\":\"https:\\\/\\\/www.city-bird.com\\\/#\\\/schema\\\/logo\\\/image\\\/\"},\"sameAs\":[\"https:\\\/\\\/www.facebook.com\\\/officielcitybird\\\/\",\"https:\\\/\\\/www.instagram.com\\\/citybird_fr\\\/?hl=fr\",\"https:\\\/\\\/www.linkedin.com\\\/company\\\/felixcitybird\\\/about\\\/\"]}]}<\/script>\n<!-- \/ Yoast SEO plugin. -->","yoast_head_json":{"title":"Meeting points in CDG, ORLY, train stations, find your way - Citybird","description":"Where to meet your taxi driver in CDG &amp; Orly airports and train stations","robots":{"index":"index","follow":"follow","max-snippet":"max-snippet:-1","max-image-preview":"max-image-preview:large","max-video-preview":"max-video-preview:-1"},"canonical":"https:\/\/www.city-bird.com\/en\/retrouvez-facilement-votre-taxi-moto-citybird\/","og_locale":"en_GB","og_type":"article","og_title":"Taxi Moto - Citybird - Points de rencontre \u00e0 CDG - ORLY - GARES","og_description":"Retrouvez tous les points de rencontre de votre taxi moto, aux gares et a\u00e9roports pour chaque terminal.","og_url":"https:\/\/www.city-bird.com\/en\/retrouvez-facilement-votre-taxi-moto-citybird\/","og_site_name":"CityBird","article_publisher":"https:\/\/www.facebook.com\/officielcitybird\/","article_modified_time":"2024-07-30T08:56:59+00:00","twitter_card":"summary_large_image","twitter_misc":{"Estimated reading time":"2 minutes"},"schema":{"@context":"https:\/\/schema.org","@graph":[{"@type":"WebPage","@id":"https:\/\/www.city-bird.com\/retrouvez-facilement-votre-taxi-moto-citybird\/","url":"https:\/\/www.city-bird.com\/retrouvez-facilement-votre-taxi-moto-citybird\/","name":"Meeting points in CDG, ORLY, train stations, find your way - Citybird","isPartOf":{"@id":"https:\/\/www.city-bird.com\/#website"},"datePublished":"2019-09-19T12:57:54+00:00","dateModified":"2024-07-30T08:56:59+00:00","description":"Where to meet your taxi driver in CDG &amp; Orly airports and train stations","breadcrumb":{"@id":"https:\/\/www.city-bird.com\/retrouvez-facilement-votre-taxi-moto-citybird\/#breadcrumb"},"inLanguage":"en-GB","potentialAction":[{"@type":"ReadAction","target":["https:\/\/www.city-bird.com\/retrouvez-facilement-votre-taxi-moto-citybird\/"]}]},{"@type":"BreadcrumbList","@id":"https:\/\/www.city-bird.com\/retrouvez-facilement-votre-taxi-moto-citybird\/#breadcrumb","itemListElement":[{"@type":"ListItem","position":1,"name":"Accueil","item":"https:\/\/www.city-bird.com\/"},{"@type":"ListItem","position":2,"name":"Taxi Moto &#8211; Citybird &#8211; Points de rencontre \u00e0 CDG &#8211; ORLY &#8211; GARES"}]},{"@type":"WebSite","@id":"https:\/\/www.city-bird.com\/#website","url":"https:\/\/www.city-bird.com\/","name":"CityBird","description":"","publisher":{"@id":"https:\/\/www.city-bird.com\/#organization"},"potentialAction":[{"@type":"SearchAction","target":{"@type":"EntryPoint","urlTemplate":"https:\/\/www.city-bird.com\/?s={search_term_string}"},"query-input":{"@type":"PropertyValueSpecification","valueRequired":true,"valueName":"search_term_string"}}],"inLanguage":"en-GB"},{"@type":"Organization","@id":"https:\/\/www.city-bird.com\/#organization","name":"CityBird","url":"https:\/\/www.city-bird.com\/","logo":{"@type":"ImageObject","inLanguage":"en-GB","@id":"https:\/\/www.city-bird.com\/#\/schema\/logo\/image\/","url":"https:\/\/www.city-bird.com\/wp-content\/uploads\/2020\/04\/logo_rond.png","contentUrl":"https:\/\/www.city-bird.com\/wp-content\/uploads\/2020\/04\/logo_rond.png","width":400,"height":400,"caption":"CityBird"},"image":{"@id":"https:\/\/www.city-bird.com\/#\/schema\/logo\/image\/"},"sameAs":["https:\/\/www.facebook.com\/officielcitybird\/","https:\/\/www.instagram.com\/citybird_fr\/?hl=fr","https:\/\/www.linkedin.com\/company\/felixcitybird\/about\/"]}]}},"_links":{"self":[{"href":"https:\/\/www.city-bird.com\/en\/wp-json\/wp\/v2\/pages\/5373","targetHints":{"allow":["GET"]}}],"collection":[{"href":"https:\/\/www.city-bird.com\/en\/wp-json\/wp\/v2\/pages"}],"about":[{"href":"https:\/\/www.city-bird.com\/en\/wp-json\/wp\/v2\/types\/page"}],"author":[{"embeddable":true,"href":"https:\/\/www.city-bird.com\/en\/wp-json\/wp\/v2\/users\/3"}],"replies":[{"embeddable":true,"href":"https:\/\/www.city-bird.com\/en\/wp-json\/wp\/v2\/comments?post=5373"}],"version-history":[{"count":102,"href":"https:\/\/www.city-bird.com\/en\/wp-json\/wp\/v2\/pages\/5373\/revisions"}],"predecessor-version":[{"id":12117,"href":"https:\/\/www.city-bird.com\/en\/wp-json\/wp\/v2\/pages\/5373\/revisions\/12117"}],"wp:attachment":[{"href":"https:\/\/www.city-bird.com\/en\/wp-json\/wp\/v2\/media?parent=5373"}],"curies":[{"name":"wp","href":"https:\/\/api.w.org\/{rel}","templated":true}]}}