{"id":5487,"date":"2019-09-19T19:07:18","date_gmt":"2019-09-19T17:07:18","guid":{"rendered":"https:\/\/www.city-bird.com\/?page_id=5487"},"modified":"2024-07-16T13:02:02","modified_gmt":"2024-07-16T11:02:02","slug":"contactez-nous","status":"publish","type":"page","link":"https:\/\/www.city-bird.com\/en\/contactez-nous\/","title":{"rendered":"Contactez le num\u00e9ro 1 du taxi moto \u00e0 Paris et en \u00cele-De-France &#8211; Citybird"},"content":{"rendered":"<div data-elementor-type=\"wp-post\" data-elementor-id=\"5487\" class=\"elementor elementor-5487\">\n\t\t\t\t\t\t<section class=\"elementor-section elementor-top-section elementor-element elementor-element-e49e28c elementor-section-boxed elementor-section-height-default elementor-section-height-default\" data-id=\"e49e28c\" data-element_type=\"section\">\n\t\t\t\t\t\t<div class=\"elementor-container elementor-column-gap-default\">\n\t\t\t\t\t<div class=\"elementor-column elementor-col-100 elementor-top-column elementor-element elementor-element-0a719ec\" data-id=\"0a719ec\" data-element_type=\"column\" data-settings=\"{&quot;background_background&quot;:&quot;classic&quot;}\">\n\t\t\t<div class=\"elementor-widget-wrap elementor-element-populated\">\n\t\t\t\t\t\t<div class=\"elementor-element elementor-element-f7343e7 elementor-widget elementor-widget-heading\" data-id=\"f7343e7\" data-element_type=\"widget\" data-widget_type=\"heading.default\">\n\t\t\t\t<div class=\"elementor-widget-container\">\n\t\t\t\t\t<h2 class=\"elementor-heading-title elementor-size-default\">Contactez Citybird, le n\u00b01 du taxi moto<\/h2>\t\t\t\t<\/div>\n\t\t\t\t<\/div>\n\t\t\t\t<div class=\"elementor-element elementor-element-e262b7b elementor-widget elementor-widget-text-editor\" data-id=\"e262b7b\" data-element_type=\"widget\" data-widget_type=\"text-editor.default\">\n\t\t\t\t<div class=\"elementor-widget-container\">\n\t\t\t\t\t\t\t\t\t<p>Vous pouvez utiliser les moyens de contacts propos\u00e9s ci-dessous pour entrer en contact avec nous.<\/p>\t\t\t\t\t\t\t\t<\/div>\n\t\t\t\t<\/div>\n\t\t\t\t\t<\/div>\n\t\t<\/div>\n\t\t\t\t\t<\/div>\n\t\t<\/section>\n\t\t\t\t<section class=\"elementor-section elementor-top-section elementor-element elementor-element-a7bf972 elementor-section-stretched elementor-section-boxed elementor-section-height-default elementor-section-height-default\" data-id=\"a7bf972\" data-element_type=\"section\" data-settings=\"{&quot;stretch_section&quot;:&quot;section-stretched&quot;,&quot;background_background&quot;:&quot;classic&quot;}\">\n\t\t\t\t\t\t<div class=\"elementor-container elementor-column-gap-default\">\n\t\t\t\t\t<div class=\"elementor-column elementor-col-50 elementor-top-column elementor-element elementor-element-60666a6\" data-id=\"60666a6\" data-element_type=\"column\" data-settings=\"{&quot;background_background&quot;:&quot;classic&quot;}\">\n\t\t\t<div class=\"elementor-widget-wrap elementor-element-populated\">\n\t\t\t\t\t\t<div class=\"elementor-element elementor-element-81dd470 elementor-widget elementor-widget-heading\" data-id=\"81dd470\" data-element_type=\"widget\" data-widget_type=\"heading.default\">\n\t\t\t\t<div class=\"elementor-widget-container\">\n\t\t\t\t\t<h3 class=\"elementor-heading-title elementor-size-default\">Par T\u00e9l\u00e9phone<\/h3>\t\t\t\t<\/div>\n\t\t\t\t<\/div>\n\t\t\t\t<section class=\"elementor-section elementor-inner-section elementor-element elementor-element-ed8b11f elementor-section-full_width elementor-section-height-default elementor-section-height-default\" data-id=\"ed8b11f\" data-element_type=\"section\">\n\t\t\t\t\t\t<div class=\"elementor-container elementor-column-gap-no\">\n\t\t\t\t\t<div class=\"elementor-column elementor-col-50 elementor-inner-column elementor-element elementor-element-3ea0ac8\" data-id=\"3ea0ac8\" data-element_type=\"column\">\n\t\t\t<div class=\"elementor-widget-wrap elementor-element-populated\">\n\t\t\t\t\t\t<div class=\"elementor-element elementor-element-b48a00d elementor-align-center elementor-widget elementor-widget-button\" data-id=\"b48a00d\" data-element_type=\"widget\" data-widget_type=\"button.default\">\n\t\t\t\t<div class=\"elementor-widget-container\">\n\t\t\t\t\t\t\t\t\t<div class=\"elementor-button-wrapper\">\n\t\t\t\t\t<a class=\"elementor-button elementor-button-link elementor-size-lg\" href=\"tel:0180205010\">\n\t\t\t\t\t\t<span class=\"elementor-button-content-wrapper\">\n\t\t\t\t\t\t<span class=\"elementor-button-icon\">\n\t\t\t\t<i aria-hidden=\"true\" class=\"fas fa-phone\"><\/i>\t\t\t<\/span>\n\t\t\t\t\t\t\t\t\t<span class=\"elementor-button-text\">  01 80 20 50 10<\/span>\n\t\t\t\t\t<\/span>\n\t\t\t\t\t<\/a>\n\t\t\t\t<\/div>\n\t\t\t\t\t\t\t\t<\/div>\n\t\t\t\t<\/div>\n\t\t\t\t<div class=\"elementor-element elementor-element-1883cd7 elementor-widget elementor-widget-text-editor\" data-id=\"1883cd7\" data-element_type=\"widget\" data-widget_type=\"text-editor.default\">\n\t\t\t\t<div class=\"elementor-widget-container\">\n\t\t\t\t\t\t\t\t\t<p>Num\u00e9ro non surtax\u00e9<\/p>\t\t\t\t\t\t\t\t<\/div>\n\t\t\t\t<\/div>\n\t\t\t\t\t<\/div>\n\t\t<\/div>\n\t\t\t\t<div class=\"elementor-column elementor-col-50 elementor-inner-column elementor-element elementor-element-d5e26e6\" data-id=\"d5e26e6\" data-element_type=\"column\">\n\t\t\t<div class=\"elementor-widget-wrap elementor-element-populated\">\n\t\t\t\t\t\t<div class=\"elementor-element elementor-element-bac84d4 elementor-align-center elementor-widget elementor-widget-button\" data-id=\"bac84d4\" data-element_type=\"widget\" data-widget_type=\"button.default\">\n\t\t\t\t<div class=\"elementor-widget-container\">\n\t\t\t\t\t\t\t\t\t<div class=\"elementor-button-wrapper\">\n\t\t\t\t\t<a class=\"elementor-button elementor-button-link elementor-size-lg\" href=\"tel:0033180205010\">\n\t\t\t\t\t\t<span class=\"elementor-button-content-wrapper\">\n\t\t\t\t\t\t<span class=\"elementor-button-icon\">\n\t\t\t\t<i aria-hidden=\"true\" class=\"fas fa-phone\"><\/i>\t\t\t<\/span>\n\t\t\t\t\t\t\t\t\t<span class=\"elementor-button-text\">+33 1 80 20 50 10<\/span>\n\t\t\t\t\t<\/span>\n\t\t\t\t\t<\/a>\n\t\t\t\t<\/div>\n\t\t\t\t\t\t\t\t<\/div>\n\t\t\t\t<\/div>\n\t\t\t\t<div class=\"elementor-element elementor-element-1e2a150 elementor-widget elementor-widget-text-editor\" data-id=\"1e2a150\" data-element_type=\"widget\" data-widget_type=\"text-editor.default\">\n\t\t\t\t<div class=\"elementor-widget-container\">\n\t\t\t\t\t\t\t\t\t<p>International<\/p>\t\t\t\t\t\t\t\t<\/div>\n\t\t\t\t<\/div>\n\t\t\t\t\t<\/div>\n\t\t<\/div>\n\t\t\t\t\t<\/div>\n\t\t<\/section>\n\t\t\t\t<div class=\"elementor-element elementor-element-2ead29c elementor-widget elementor-widget-text-editor\" data-id=\"2ead29c\" data-element_type=\"widget\" data-widget_type=\"text-editor.default\">\n\t\t\t\t<div class=\"elementor-widget-container\">\n\t\t\t\t\t\t\t\t\t<p>Lundi au vendredi de 7h \u00e0 22h. Samedi de 8h \u00e0 20h.<br \/>Dimanche et jours f\u00e9ri\u00e9s de 16h \u00e0 22h.<\/p>\t\t\t\t\t\t\t\t<\/div>\n\t\t\t\t<\/div>\n\t\t\t\t\t<\/div>\n\t\t<\/div>\n\t\t\t\t<div class=\"elementor-column elementor-col-50 elementor-top-column elementor-element elementor-element-f7ae11e\" data-id=\"f7ae11e\" data-element_type=\"column\" data-settings=\"{&quot;background_background&quot;:&quot;classic&quot;}\">\n\t\t\t<div class=\"elementor-widget-wrap elementor-element-populated\">\n\t\t\t\t\t\t<div class=\"elementor-element elementor-element-84bca68 elementor-widget elementor-widget-heading\" data-id=\"84bca68\" data-element_type=\"widget\" data-widget_type=\"heading.default\">\n\t\t\t\t<div class=\"elementor-widget-container\">\n\t\t\t\t\t<h3 class=\"elementor-heading-title elementor-size-default\">By email<\/h3>\t\t\t\t<\/div>\n\t\t\t\t<\/div>\n\t\t\t\t<div class=\"elementor-element elementor-element-4ed49e6 elementor-align-center elementor-widget elementor-widget-button\" data-id=\"4ed49e6\" data-element_type=\"widget\" data-widget_type=\"button.default\">\n\t\t\t\t<div class=\"elementor-widget-container\">\n\t\t\t\t\t\t\t\t\t<div class=\"elementor-button-wrapper\">\n\t\t\t\t\t<a class=\"elementor-button elementor-button-link elementor-size-lg\" href=\"mailto:contact@city-bird.com\">\n\t\t\t\t\t\t<span class=\"elementor-button-content-wrapper\">\n\t\t\t\t\t\t<span class=\"elementor-button-icon\">\n\t\t\t\t<i aria-hidden=\"true\" class=\"fas fa-envelope\"><\/i>\t\t\t<\/span>\n\t\t\t\t\t\t\t\t\t<span class=\"elementor-button-text\">CONTACT US<\/span>\n\t\t\t\t\t<\/span>\n\t\t\t\t\t<\/a>\n\t\t\t\t<\/div>\n\t\t\t\t\t\t\t\t<\/div>\n\t\t\t\t<\/div>\n\t\t\t\t\t<\/div>\n\t\t<\/div>\n\t\t\t\t\t<\/div>\n\t\t<\/section>\n\t\t\t\t<section class=\"elementor-section elementor-top-section elementor-element elementor-element-37004cb elementor-section-stretched elementor-section-boxed elementor-section-height-default elementor-section-height-default\" data-id=\"37004cb\" data-element_type=\"section\" data-settings=\"{&quot;stretch_section&quot;:&quot;section-stretched&quot;,&quot;background_background&quot;:&quot;classic&quot;}\">\n\t\t\t\t\t\t<div class=\"elementor-container elementor-column-gap-default\">\n\t\t\t\t\t<div class=\"elementor-column elementor-col-100 elementor-top-column elementor-element elementor-element-5873bda\" data-id=\"5873bda\" data-element_type=\"column\">\n\t\t\t<div class=\"elementor-widget-wrap elementor-element-populated\">\n\t\t\t\t\t\t<div class=\"elementor-element elementor-element-e1ac9a3 elementor-widget elementor-widget-heading\" data-id=\"e1ac9a3\" data-element_type=\"widget\" data-widget_type=\"heading.default\">\n\t\t\t\t<div class=\"elementor-widget-container\">\n\t\t\t\t\t<h3 class=\"elementor-heading-title elementor-size-default\">O\u00f9 nous trouver ?<\/h3>\t\t\t\t<\/div>\n\t\t\t\t<\/div>\n\t\t\t\t<div class=\"elementor-element elementor-element-14d36a0 elementor-widget elementor-widget-text-editor\" data-id=\"14d36a0\" data-element_type=\"widget\" data-widget_type=\"text-editor.default\">\n\t\t\t\t<div class=\"elementor-widget-container\">\n\t\t\t\t\t\t\t\t\t<p>201 rue de Vaugirard, 75015, Paris<\/p>\t\t\t\t\t\t\t\t<\/div>\n\t\t\t\t<\/div>\n\t\t\t\t<div class=\"elementor-element elementor-element-e1394df elementor-widget elementor-widget-google_maps\" data-id=\"e1394df\" data-element_type=\"widget\" data-widget_type=\"google_maps.default\">\n\t\t\t\t<div class=\"elementor-widget-container\">\n\t\t\t\t\t\t\t<div class=\"elementor-custom-embed\">\n\t\t\t<iframe loading=\"lazy\"\n\t\t\t\t\tsrc=\"https:\/\/maps.google.com\/maps?q=Felix%20Citybird&#038;t=m&#038;z=13&#038;output=embed&#038;iwloc=near\"\n\t\t\t\t\ttitle=\"Felix Citybird\"\n\t\t\t\t\taria-label=\"Felix Citybird\"\n\t\t\t><\/iframe>\n\t\t<\/div>\n\t\t\t\t\t\t<\/div>\n\t\t\t\t<\/div>\n\t\t\t\t\t<\/div>\n\t\t<\/div>\n\t\t\t\t\t<\/div>\n\t\t<\/section>\n\t\t\t\t<section class=\"elementor-section elementor-top-section elementor-element elementor-element-3d73ee3 elementor-section-stretched elementor-section-full_width elementor-section-height-default elementor-section-height-default\" data-id=\"3d73ee3\" data-element_type=\"section\" data-settings=\"{&quot;stretch_section&quot;:&quot;section-stretched&quot;,&quot;background_background&quot;:&quot;classic&quot;}\">\n\t\t\t\t\t\t<div class=\"elementor-container elementor-column-gap-default\">\n\t\t\t\t\t<div class=\"elementor-column elementor-col-100 elementor-top-column elementor-element elementor-element-29b7022\" data-id=\"29b7022\" data-element_type=\"column\">\n\t\t\t<div class=\"elementor-widget-wrap elementor-element-populated\">\n\t\t\t\t\t\t<div class=\"elementor-element elementor-element-9c24d07 elementor-widget elementor-widget-heading\" data-id=\"9c24d07\" data-element_type=\"widget\" data-widget_type=\"heading.default\">\n\t\t\t\t<div class=\"elementor-widget-container\">\n\t\t\t\t\t<h2 class=\"elementor-heading-title elementor-size-default\">Become a driver<\/h2>\t\t\t\t<\/div>\n\t\t\t\t<\/div>\n\t\t\t\t<div class=\"elementor-element elementor-element-c646a4b elementor-widget elementor-widget-text-editor\" data-id=\"c646a4b\" data-element_type=\"widget\" data-widget_type=\"text-editor.default\">\n\t\t\t\t<div class=\"elementor-widget-container\">\n\t\t\t\t\t\t\t\t\tConsult <span style=\"text-decoration: underline;\"><a href=\"https:\/\/www.city-bird.com\/en\/devenez-taxi-moto\/\">this page<\/a><\/span> si vous souhaitez devenir pilote de moto taxi affili\u00e9 Citybird\t\t\t\t\t\t\t\t<\/div>\n\t\t\t\t<\/div>\n\t\t\t\t\t<\/div>\n\t\t<\/div>\n\t\t\t\t\t<\/div>\n\t\t<\/section>\n\t\t\t\t<\/div>","protected":false},"excerpt":{"rendered":"<p>Contactez Citybird, le n\u00b01 du taxi moto Vous pouvez utiliser les moyens de contacts propos\u00e9s ci-dessous pour entrer en contact avec nous. Par T\u00e9l\u00e9phone 01 80 20 50 10 Num\u00e9ro non surtax\u00e9 +33 1 80 20 50 10 International Lundi au vendredi de 7h \u00e0 22h. Samedi de 8h \u00e0 20h.Dimanche et jours f\u00e9ri\u00e9s de [&hellip;]<\/p>\n","protected":false},"author":3,"featured_media":0,"parent":0,"menu_order":0,"comment_status":"closed","ping_status":"closed","template":"elementor_header_footer","meta":{"footnotes":""},"class_list":["post-5487","page","type-page","status-publish","hentry"],"yoast_head":"<!-- This site is optimized with the Yoast SEO plugin v27.4 - https:\/\/yoast.com\/product\/yoast-seo-wordpress\/ -->\n<title>Contactez le num\u00e9ro 1 du taxi moto \u00e0 Paris et en \u00cele-De-France - Citybird<\/title>\n<meta name=\"description\" content=\"Contactez les taxis motos Citybird, nous essayons d&#039;\u00eatre aussi disponibles que possible. Vous pouvez utiliser les moyens de contacts propos\u00e9s ci-dessous !\" \/>\n<meta name=\"robots\" content=\"index, follow, max-snippet:-1, max-image-preview:large, max-video-preview:-1\" \/>\n<link rel=\"canonical\" href=\"https:\/\/www.city-bird.com\/en\/contactez-nous\/\" \/>\n<meta property=\"og:locale\" content=\"en_GB\" \/>\n<meta property=\"og:type\" content=\"article\" \/>\n<meta property=\"og:title\" content=\"Contactez le num\u00e9ro 1 du taxi moto \u00e0 Paris et en \u00cele-De-France - Citybird\" \/>\n<meta property=\"og:description\" content=\"Contactez les taxis motos Citybird, nous essayons d&#039;\u00eatre aussi disponibles que possible. Vous pouvez utiliser les moyens de contacts propos\u00e9s ci-dessous !\" \/>\n<meta property=\"og:url\" content=\"https:\/\/www.city-bird.com\/en\/contactez-nous\/\" \/>\n<meta property=\"og:site_name\" content=\"CityBird\" \/>\n<meta property=\"article:publisher\" content=\"https:\/\/www.facebook.com\/officielcitybird\/\" \/>\n<meta property=\"article:modified_time\" content=\"2024-07-16T11:02:02+00:00\" \/>\n<meta name=\"twitter:card\" content=\"summary_large_image\" \/>\n<meta name=\"twitter:label1\" content=\"Estimated reading time\" \/>\n\t<meta name=\"twitter:data1\" content=\"1 minute\" \/>\n<script type=\"application\/ld+json\" class=\"yoast-schema-graph\">{\"@context\":\"https:\\\/\\\/schema.org\",\"@graph\":[{\"@type\":\"WebPage\",\"@id\":\"https:\\\/\\\/www.city-bird.com\\\/contactez-nous\\\/\",\"url\":\"https:\\\/\\\/www.city-bird.com\\\/contactez-nous\\\/\",\"name\":\"Contactez le num\u00e9ro 1 du taxi moto \u00e0 Paris et en \u00cele-De-France - Citybird\",\"isPartOf\":{\"@id\":\"https:\\\/\\\/www.city-bird.com\\\/#website\"},\"datePublished\":\"2019-09-19T17:07:18+00:00\",\"dateModified\":\"2024-07-16T11:02:02+00:00\",\"description\":\"Contactez les taxis motos Citybird, nous essayons d'\u00eatre aussi disponibles que possible. Vous pouvez utiliser les moyens de contacts propos\u00e9s ci-dessous !\",\"breadcrumb\":{\"@id\":\"https:\\\/\\\/www.city-bird.com\\\/contactez-nous\\\/#breadcrumb\"},\"inLanguage\":\"en-GB\",\"potentialAction\":[{\"@type\":\"ReadAction\",\"target\":[\"https:\\\/\\\/www.city-bird.com\\\/contactez-nous\\\/\"]}]},{\"@type\":\"BreadcrumbList\",\"@id\":\"https:\\\/\\\/www.city-bird.com\\\/contactez-nous\\\/#breadcrumb\",\"itemListElement\":[{\"@type\":\"ListItem\",\"position\":1,\"name\":\"Accueil\",\"item\":\"https:\\\/\\\/www.city-bird.com\\\/\"},{\"@type\":\"ListItem\",\"position\":2,\"name\":\"Contactez le num\u00e9ro 1 du taxi moto \u00e0 Paris et en \u00cele-De-France &#8211; Citybird\"}]},{\"@type\":\"WebSite\",\"@id\":\"https:\\\/\\\/www.city-bird.com\\\/#website\",\"url\":\"https:\\\/\\\/www.city-bird.com\\\/\",\"name\":\"CityBird\",\"description\":\"\",\"publisher\":{\"@id\":\"https:\\\/\\\/www.city-bird.com\\\/#organization\"},\"potentialAction\":[{\"@type\":\"SearchAction\",\"target\":{\"@type\":\"EntryPoint\",\"urlTemplate\":\"https:\\\/\\\/www.city-bird.com\\\/?s={search_term_string}\"},\"query-input\":{\"@type\":\"PropertyValueSpecification\",\"valueRequired\":true,\"valueName\":\"search_term_string\"}}],\"inLanguage\":\"en-GB\"},{\"@type\":\"Organization\",\"@id\":\"https:\\\/\\\/www.city-bird.com\\\/#organization\",\"name\":\"CityBird\",\"url\":\"https:\\\/\\\/www.city-bird.com\\\/\",\"logo\":{\"@type\":\"ImageObject\",\"inLanguage\":\"en-GB\",\"@id\":\"https:\\\/\\\/www.city-bird.com\\\/#\\\/schema\\\/logo\\\/image\\\/\",\"url\":\"https:\\\/\\\/www.city-bird.com\\\/wp-content\\\/uploads\\\/2020\\\/04\\\/logo_rond.png\",\"contentUrl\":\"https:\\\/\\\/www.city-bird.com\\\/wp-content\\\/uploads\\\/2020\\\/04\\\/logo_rond.png\",\"width\":400,\"height\":400,\"caption\":\"CityBird\"},\"image\":{\"@id\":\"https:\\\/\\\/www.city-bird.com\\\/#\\\/schema\\\/logo\\\/image\\\/\"},\"sameAs\":[\"https:\\\/\\\/www.facebook.com\\\/officielcitybird\\\/\",\"https:\\\/\\\/www.instagram.com\\\/citybird_fr\\\/?hl=fr\",\"https:\\\/\\\/www.linkedin.com\\\/company\\\/felixcitybird\\\/about\\\/\"]}]}<\/script>\n<!-- \/ Yoast SEO plugin. -->","yoast_head_json":{"title":"Contact us : CityBird best motorcyle taxi company in Paris - Citybird","description":"Contactez les taxis motos Citybird, nous essayons d'\u00eatre aussi disponibles que possible. Vous pouvez utiliser les moyens de contacts propos\u00e9s ci-dessous !","robots":{"index":"index","follow":"follow","max-snippet":"max-snippet:-1","max-image-preview":"max-image-preview:large","max-video-preview":"max-video-preview:-1"},"canonical":"https:\/\/www.city-bird.com\/en\/contactez-nous\/","og_locale":"en_GB","og_type":"article","og_title":"Contactez le num\u00e9ro 1 du taxi moto \u00e0 Paris et en \u00cele-De-France - Citybird","og_description":"Contactez les taxis motos Citybird, nous essayons d'\u00eatre aussi disponibles que possible. Vous pouvez utiliser les moyens de contacts propos\u00e9s ci-dessous !","og_url":"https:\/\/www.city-bird.com\/en\/contactez-nous\/","og_site_name":"CityBird","article_publisher":"https:\/\/www.facebook.com\/officielcitybird\/","article_modified_time":"2024-07-16T11:02:02+00:00","twitter_card":"summary_large_image","twitter_misc":{"Estimated reading time":"1 minute"},"schema":{"@context":"https:\/\/schema.org","@graph":[{"@type":"WebPage","@id":"https:\/\/www.city-bird.com\/contactez-nous\/","url":"https:\/\/www.city-bird.com\/contactez-nous\/","name":"Contact us : CityBird best motorcyle taxi company in Paris - Citybird","isPartOf":{"@id":"https:\/\/www.city-bird.com\/#website"},"datePublished":"2019-09-19T17:07:18+00:00","dateModified":"2024-07-16T11:02:02+00:00","description":"Contactez les taxis motos Citybird, nous essayons d'\u00eatre aussi disponibles que possible. Vous pouvez utiliser les moyens de contacts propos\u00e9s ci-dessous !","breadcrumb":{"@id":"https:\/\/www.city-bird.com\/contactez-nous\/#breadcrumb"},"inLanguage":"en-GB","potentialAction":[{"@type":"ReadAction","target":["https:\/\/www.city-bird.com\/contactez-nous\/"]}]},{"@type":"BreadcrumbList","@id":"https:\/\/www.city-bird.com\/contactez-nous\/#breadcrumb","itemListElement":[{"@type":"ListItem","position":1,"name":"Accueil","item":"https:\/\/www.city-bird.com\/"},{"@type":"ListItem","position":2,"name":"Contactez le num\u00e9ro 1 du taxi moto \u00e0 Paris et en \u00cele-De-France &#8211; Citybird"}]},{"@type":"WebSite","@id":"https:\/\/www.city-bird.com\/#website","url":"https:\/\/www.city-bird.com\/","name":"CityBird","description":"","publisher":{"@id":"https:\/\/www.city-bird.com\/#organization"},"potentialAction":[{"@type":"SearchAction","target":{"@type":"EntryPoint","urlTemplate":"https:\/\/www.city-bird.com\/?s={search_term_string}"},"query-input":{"@type":"PropertyValueSpecification","valueRequired":true,"valueName":"search_term_string"}}],"inLanguage":"en-GB"},{"@type":"Organization","@id":"https:\/\/www.city-bird.com\/#organization","name":"CityBird","url":"https:\/\/www.city-bird.com\/","logo":{"@type":"ImageObject","inLanguage":"en-GB","@id":"https:\/\/www.city-bird.com\/#\/schema\/logo\/image\/","url":"https:\/\/www.city-bird.com\/wp-content\/uploads\/2020\/04\/logo_rond.png","contentUrl":"https:\/\/www.city-bird.com\/wp-content\/uploads\/2020\/04\/logo_rond.png","width":400,"height":400,"caption":"CityBird"},"image":{"@id":"https:\/\/www.city-bird.com\/#\/schema\/logo\/image\/"},"sameAs":["https:\/\/www.facebook.com\/officielcitybird\/","https:\/\/www.instagram.com\/citybird_fr\/?hl=fr","https:\/\/www.linkedin.com\/company\/felixcitybird\/about\/"]}]}},"_links":{"self":[{"href":"https:\/\/www.city-bird.com\/en\/wp-json\/wp\/v2\/pages\/5487","targetHints":{"allow":["GET"]}}],"collection":[{"href":"https:\/\/www.city-bird.com\/en\/wp-json\/wp\/v2\/pages"}],"about":[{"href":"https:\/\/www.city-bird.com\/en\/wp-json\/wp\/v2\/types\/page"}],"author":[{"embeddable":true,"href":"https:\/\/www.city-bird.com\/en\/wp-json\/wp\/v2\/users\/3"}],"replies":[{"embeddable":true,"href":"https:\/\/www.city-bird.com\/en\/wp-json\/wp\/v2\/comments?post=5487"}],"version-history":[{"count":66,"href":"https:\/\/www.city-bird.com\/en\/wp-json\/wp\/v2\/pages\/5487\/revisions"}],"predecessor-version":[{"id":11650,"href":"https:\/\/www.city-bird.com\/en\/wp-json\/wp\/v2\/pages\/5487\/revisions\/11650"}],"wp:attachment":[{"href":"https:\/\/www.city-bird.com\/en\/wp-json\/wp\/v2\/media?parent=5487"}],"curies":[{"name":"wp","href":"https:\/\/api.w.org\/{rel}","templated":true}]}}