{"id":7554,"date":"2020-11-18T14:26:54","date_gmt":"2020-11-18T13:26:54","guid":{"rendered":"https:\/\/www.city-bird.com\/?page_id=7554"},"modified":"2024-05-15T10:49:23","modified_gmt":"2024-05-15T08:49:23","slug":"reserver-taxi-moto-goldwing-marseille-citybird","status":"publish","type":"page","link":"https:\/\/www.city-bird.com\/en\/reserver-taxi-moto-goldwing-marseille-citybird\/","title":{"rendered":"R\u00e9server Taxi Moto Goldwing Marseille &#8211; Citybird"},"content":{"rendered":"<p>[rev_slider alias=\u00a0\u00bbslider-page-moto-11&Prime;][\/rev_slider]<\/p>\n<h2>Notre offre de taxi moto Goldwing<\/h2>\n<p>\t\t\t\t\t\t\t\t\t\t<img fetchpriority=\"high\" decoding=\"async\" width=\"300\" height=\"212\" src=\"https:\/\/www.city-bird.com\/wp-content\/uploads\/2019\/09\/2_EQUIPEMENTS-MOTO-1-300x212.png\" alt=\"Tous les \u00e9quipement pour rouler en Moto Taxi\" srcset=\"https:\/\/www.city-bird.com\/wp-content\/uploads\/2019\/09\/2_EQUIPEMENTS-MOTO-1-300x212.png 300w, https:\/\/www.city-bird.com\/wp-content\/uploads\/2019\/09\/2_EQUIPEMENTS-MOTO-1-768x543.png 768w, https:\/\/www.city-bird.com\/wp-content\/uploads\/2019\/09\/2_EQUIPEMENTS-MOTO-1-1024x724.png 1024w, https:\/\/www.city-bird.com\/wp-content\/uploads\/2019\/09\/2_EQUIPEMENTS-MOTO-1-570x400.png 570w, https:\/\/www.city-bird.com\/wp-content\/uploads\/2019\/09\/2_EQUIPEMENTS-MOTO-1-640x450.png 640w, https:\/\/www.city-bird.com\/wp-content\/uploads\/2019\/09\/2_EQUIPEMENTS-MOTO-1-e1588596327343.png 500w\" sizes=\"(max-width: 300px) 100vw, 300px\" \/>\t\t\t\t\t\t\t\t\t\t\t<\/p>\n<h3>Equipements fournis<\/h3>\n<p>Gants, manteau, casque et charlotte jetable sont fournis \u00e0 chaque trajet<\/p>\n<p>\t\t\t\t\t\t\t\t\t\t<img decoding=\"async\" width=\"300\" height=\"212\" src=\"https:\/\/www.city-bird.com\/wp-content\/uploads\/2019\/09\/3_COURSE-MOTO-300x212.png\" alt=\"\" srcset=\"https:\/\/www.city-bird.com\/wp-content\/uploads\/2019\/09\/3_COURSE-MOTO-300x212.png 300w, https:\/\/www.city-bird.com\/wp-content\/uploads\/2019\/09\/3_COURSE-MOTO-768x543.png 768w, https:\/\/www.city-bird.com\/wp-content\/uploads\/2019\/09\/3_COURSE-MOTO-1024x724.png 1024w, https:\/\/www.city-bird.com\/wp-content\/uploads\/2019\/09\/3_COURSE-MOTO-570x400.png 570w, https:\/\/www.city-bird.com\/wp-content\/uploads\/2019\/09\/3_COURSE-MOTO-640x450.png 640w, https:\/\/www.city-bird.com\/wp-content\/uploads\/2019\/09\/3_COURSE-MOTO-e1588596519651.png 500w\" sizes=\"(max-width: 300px) 100vw, 300px\" \/>\t\t\t\t\t\t\t\t\t\t\t<\/p>\n<h3>Un grand confort<\/h3>\n<p>Des motos d\u2019un grand confort pour des d\u00e9placements en un temps garanti\u00a0<\/p>\n<p>\t\t\t\t\t\t\t\t\t\t<img decoding=\"async\" width=\"300\" height=\"212\" src=\"https:\/\/www.city-bird.com\/wp-content\/uploads\/2019\/09\/4_ARRIVEE-MOTO-1-300x212.png\" alt=\"Commande d&#039;un taxi moto avec notre application mobile Felix Citybird\" srcset=\"https:\/\/www.city-bird.com\/wp-content\/uploads\/2019\/09\/4_ARRIVEE-MOTO-1-300x212.png 300w, https:\/\/www.city-bird.com\/wp-content\/uploads\/2019\/09\/4_ARRIVEE-MOTO-1-768x543.png 768w, https:\/\/www.city-bird.com\/wp-content\/uploads\/2019\/09\/4_ARRIVEE-MOTO-1-1024x724.png 1024w, https:\/\/www.city-bird.com\/wp-content\/uploads\/2019\/09\/4_ARRIVEE-MOTO-1-570x400.png 570w, https:\/\/www.city-bird.com\/wp-content\/uploads\/2019\/09\/4_ARRIVEE-MOTO-1-640x450.png 640w, https:\/\/www.city-bird.com\/wp-content\/uploads\/2019\/09\/4_ARRIVEE-MOTO-1-e1588596357698.png 500w\" sizes=\"(max-width: 300px) 100vw, 300px\" \/>\t\t\t\t\t\t\t\t\t\t\t<\/p>\n<h3>Des trajets avec bagages<\/h3>\n<p>Nos motos peuvent vous transporter avec une valise cabine et un grand sac \u00e0 main<\/p>\n<h2><b>Combien \u00e7a co\u00fbte ?<\/b><\/h2>\n<p>Des trajets dans un confort optimal derri\u00e8re votre chauffeur professionnel<\/p>\n<section>\n<style>\n                                .ticket_item:before {\n                                    background: url() no-repeat scroll center bottom\/cover;\n                                }\n                            <\/style>\n<p>                                <img loading=\"lazy\" decoding=\"async\" width=\"1024\" height=\"1024\" src=\"https:\/\/www.city-bird.com\/wp-content\/uploads\/2019\/09\/scoot-icon-1.png\" alt=\"\" srcset=\"https:\/\/www.city-bird.com\/wp-content\/uploads\/2019\/09\/scoot-icon-1.png 1024w, https:\/\/www.city-bird.com\/wp-content\/uploads\/2019\/09\/scoot-icon-1-150x150.png 150w, https:\/\/www.city-bird.com\/wp-content\/uploads\/2019\/09\/scoot-icon-1-300x300.png 300w, https:\/\/www.city-bird.com\/wp-content\/uploads\/2019\/09\/scoot-icon-1-768x768.png 768w, https:\/\/www.city-bird.com\/wp-content\/uploads\/2019\/09\/scoot-icon-1-80x80.png 80w, https:\/\/www.city-bird.com\/wp-content\/uploads\/2019\/09\/scoot-icon-1-70x70.png 70w, https:\/\/www.city-bird.com\/wp-content\/uploads\/2019\/09\/scoot-icon-1-100x100.png 100w, https:\/\/www.city-bird.com\/wp-content\/uploads\/2019\/09\/scoot-icon-1-75x75.png 75w\" sizes=\"(max-width: 1024px) 100vw, 1024px\" \/>                            <\/p>\n<h2>\u00c0 PARTIR DE 50 \u20ac<\/h2>\n<p>Gare Saint Charles<br \/>\n\u22ee<br \/>\nPlace Castellane<\/p>\n<style>\n                                .ticket_item:before {\n                                    background: url() no-repeat scroll center bottom\/cover;\n                                }\n                            <\/style>\n<p>                                <img loading=\"lazy\" decoding=\"async\" width=\"1024\" height=\"1024\" src=\"https:\/\/www.city-bird.com\/wp-content\/uploads\/2019\/09\/scoot-icon-1.png\" alt=\"\" srcset=\"https:\/\/www.city-bird.com\/wp-content\/uploads\/2019\/09\/scoot-icon-1.png 1024w, https:\/\/www.city-bird.com\/wp-content\/uploads\/2019\/09\/scoot-icon-1-150x150.png 150w, https:\/\/www.city-bird.com\/wp-content\/uploads\/2019\/09\/scoot-icon-1-300x300.png 300w, https:\/\/www.city-bird.com\/wp-content\/uploads\/2019\/09\/scoot-icon-1-768x768.png 768w, https:\/\/www.city-bird.com\/wp-content\/uploads\/2019\/09\/scoot-icon-1-80x80.png 80w, https:\/\/www.city-bird.com\/wp-content\/uploads\/2019\/09\/scoot-icon-1-70x70.png 70w, https:\/\/www.city-bird.com\/wp-content\/uploads\/2019\/09\/scoot-icon-1-100x100.png 100w, https:\/\/www.city-bird.com\/wp-content\/uploads\/2019\/09\/scoot-icon-1-75x75.png 75w\" sizes=\"(max-width: 1024px) 100vw, 1024px\" \/>                            <\/p>\n<h2>\u00c0 partir de 100 \u20ac<\/h2>\n<p>Vieux port<br \/>\n\u22ee<br \/>\nAeroport MP<\/p>\n<style>\n                                .ticket_item:before {\n                                    background: url() no-repeat scroll center bottom\/cover;\n                                }\n                            <\/style>\n<p>                                <img loading=\"lazy\" decoding=\"async\" width=\"1024\" height=\"1024\" src=\"https:\/\/www.city-bird.com\/wp-content\/uploads\/2019\/09\/scoot-icon-1.png\" alt=\"\" srcset=\"https:\/\/www.city-bird.com\/wp-content\/uploads\/2019\/09\/scoot-icon-1.png 1024w, https:\/\/www.city-bird.com\/wp-content\/uploads\/2019\/09\/scoot-icon-1-150x150.png 150w, https:\/\/www.city-bird.com\/wp-content\/uploads\/2019\/09\/scoot-icon-1-300x300.png 300w, https:\/\/www.city-bird.com\/wp-content\/uploads\/2019\/09\/scoot-icon-1-768x768.png 768w, https:\/\/www.city-bird.com\/wp-content\/uploads\/2019\/09\/scoot-icon-1-80x80.png 80w, https:\/\/www.city-bird.com\/wp-content\/uploads\/2019\/09\/scoot-icon-1-70x70.png 70w, https:\/\/www.city-bird.com\/wp-content\/uploads\/2019\/09\/scoot-icon-1-100x100.png 100w, https:\/\/www.city-bird.com\/wp-content\/uploads\/2019\/09\/scoot-icon-1-75x75.png 75w\" sizes=\"(max-width: 1024px) 100vw, 1024px\" \/>                            <\/p>\n<h2>\u00c0 PARTIR DE 113 \u20ac<\/h2>\n<p>Stade V\u00e9lodrome<br \/>\n\u22ee<br \/>\nA\u00e9roport MP<\/p>\n<\/section>\n<p>R\u00e9servez vos courses dans la r\u00e9gion de Marseille en nous contactant au<\/p>\n<p>\t\t\t<a role=\"button\"><br \/>\n\t\t\t\t\t\t01 80 20 50 10<br \/>\n\t\t\t\t\t<\/a><br \/>\n\t\t\t\t\t\t\t\t\t\t<img loading=\"lazy\" decoding=\"async\" width=\"300\" height=\"300\" src=\"https:\/\/www.city-bird.com\/wp-content\/uploads\/2019\/10\/Premium-300x300.png\" alt=\"Service premium\" srcset=\"https:\/\/www.city-bird.com\/wp-content\/uploads\/2019\/10\/Premium-300x300.png 300w, https:\/\/www.city-bird.com\/wp-content\/uploads\/2019\/10\/Premium-150x150.png 150w, https:\/\/www.city-bird.com\/wp-content\/uploads\/2019\/10\/Premium-80x80.png 80w, https:\/\/www.city-bird.com\/wp-content\/uploads\/2019\/10\/Premium-70x70.png 70w, https:\/\/www.city-bird.com\/wp-content\/uploads\/2019\/10\/Premium-100x100.png 100w, https:\/\/www.city-bird.com\/wp-content\/uploads\/2019\/10\/Premium-75x75.png 75w, https:\/\/www.city-bird.com\/wp-content\/uploads\/2019\/10\/Premium.png 468w\" sizes=\"(max-width: 300px) 100vw, 300px\" \/>\t\t\t\t\t\t\t\t\t\t\t<\/p>\n<h3><b>Un service premium<\/b><\/h3>\n<p>D\u00e9placez-vous dans les meilleures conditions de confort<\/p>\n<p>\t\t\t\t\t\t\t\t\t\t<img loading=\"lazy\" decoding=\"async\" width=\"468\" height=\"468\" src=\"https:\/\/www.city-bird.com\/wp-content\/uploads\/2019\/09\/Tild.png\" alt=\"\" srcset=\"https:\/\/www.city-bird.com\/wp-content\/uploads\/2019\/09\/Tild.png 468w, https:\/\/www.city-bird.com\/wp-content\/uploads\/2019\/09\/Tild-150x150.png 150w, https:\/\/www.city-bird.com\/wp-content\/uploads\/2019\/09\/Tild-300x300.png 300w, https:\/\/www.city-bird.com\/wp-content\/uploads\/2019\/09\/Tild-80x80.png 80w, https:\/\/www.city-bird.com\/wp-content\/uploads\/2019\/09\/Tild-70x70.png 70w, https:\/\/www.city-bird.com\/wp-content\/uploads\/2019\/09\/Tild-100x100.png 100w, https:\/\/www.city-bird.com\/wp-content\/uploads\/2019\/09\/Tild-75x75.png 75w\" sizes=\"(max-width: 468px) 100vw, 468px\" \/>\t\t\t\t\t\t\t\t\t\t\t<\/p>\n<h3><b>Des trajets rapides<\/b><\/h3>\n<p>Ne perdez plus de temps dans vos d\u00e9placements quotidiens<\/p>\n<p>\t\t\t\t\t\t\t\t\t\t<img loading=\"lazy\" decoding=\"async\" width=\"468\" height=\"468\" src=\"https:\/\/www.city-bird.com\/wp-content\/uploads\/2019\/10\/casque.png\" alt=\"Casque scooter et moto fourni par le chauffeur\" srcset=\"https:\/\/www.city-bird.com\/wp-content\/uploads\/2019\/10\/casque.png 468w, https:\/\/www.city-bird.com\/wp-content\/uploads\/2019\/10\/casque-150x150.png 150w, https:\/\/www.city-bird.com\/wp-content\/uploads\/2019\/10\/casque-300x300.png 300w, https:\/\/www.city-bird.com\/wp-content\/uploads\/2019\/10\/casque-80x80.png 80w, https:\/\/www.city-bird.com\/wp-content\/uploads\/2019\/10\/casque-70x70.png 70w, https:\/\/www.city-bird.com\/wp-content\/uploads\/2019\/10\/casque-100x100.png 100w, https:\/\/www.city-bird.com\/wp-content\/uploads\/2019\/10\/casque-75x75.png 75w\" sizes=\"(max-width: 468px) 100vw, 468px\" \/>\t\t\t\t\t\t\t\t\t\t\t<\/p>\n<h3><b>Des chauffeurs professionnels<\/b><\/h3>\n<p>Faites vous conduire par des chauffeurs professionnels et exp\u00e9riment\u00e9s<\/p>\n<p>\t\t[elementor-template id=\u00a0\u00bb4670&Prime;]<\/p>\n","protected":false},"excerpt":{"rendered":"<p>[rev_slider alias=\u00a0\u00bbslider-page-moto-11&Prime;][\/rev_slider] Notre offre de taxi moto Goldwing Equipements fournis Gants, manteau, casque et charlotte jetable sont fournis \u00e0 chaque trajet Un grand confort Des motos d\u2019un grand confort pour des d\u00e9placements en un temps garanti\u00a0 Des trajets avec bagages Nos motos peuvent vous transporter avec une valise cabine et un grand sac \u00e0 main [&hellip;]<\/p>\n","protected":false},"author":8,"featured_media":0,"parent":0,"menu_order":0,"comment_status":"closed","ping_status":"closed","template":"","meta":{"footnotes":""},"class_list":["post-7554","page","type-page","status-publish","hentry"],"yoast_head":"<!-- This site is optimized with the Yoast SEO plugin v27.3 - https:\/\/yoast.com\/product\/yoast-seo-wordpress\/ -->\n<title>Commander Taxi Moto Marseille Goldwing - Citybird<\/title>\n<meta name=\"description\" content=\"Commandez votre chauffeur en taxi moto Honda Goldwing et d\u00e9placez-vous rapidement et simplement vers les a\u00e9roports en un temps d\u00e9termin\u00e9 !\" \/>\n<meta name=\"robots\" content=\"index, follow, max-snippet:-1, max-image-preview:large, max-video-preview:-1\" \/>\n<link rel=\"canonical\" href=\"https:\/\/www.city-bird.com\/en\/reserver-taxi-moto-goldwing-marseille-citybird\/\" \/>\n<meta property=\"og:locale\" content=\"en_GB\" \/>\n<meta property=\"og:type\" content=\"article\" \/>\n<meta property=\"og:title\" content=\"Commander Taxi Moto Marseille Goldwing - Citybird\" \/>\n<meta property=\"og:description\" content=\"Commandez votre chauffeur en taxi moto Honda Goldwing et d\u00e9placez-vous rapidement et simplement vers les a\u00e9roports en un temps d\u00e9termin\u00e9 !\" \/>\n<meta property=\"og:url\" content=\"https:\/\/www.city-bird.com\/en\/reserver-taxi-moto-goldwing-marseille-citybird\/\" \/>\n<meta property=\"og:site_name\" content=\"CityBird\" \/>\n<meta property=\"article:publisher\" content=\"https:\/\/www.facebook.com\/officielcitybird\/\" \/>\n<meta property=\"article:modified_time\" content=\"2024-05-15T08:49:23+00:00\" \/>\n<meta property=\"og:image\" content=\"https:\/\/www.city-bird.com\/wp-content\/uploads\/2019\/09\/2_EQUIPEMENTS-MOTO-1-300x212.png\" \/>\n<meta name=\"twitter:card\" content=\"summary_large_image\" \/>\n<meta name=\"twitter:label1\" content=\"Estimated reading time\" \/>\n\t<meta name=\"twitter:data1\" content=\"3 minutes\" \/>\n<script type=\"application\/ld+json\" class=\"yoast-schema-graph\">{\"@context\":\"https:\\\/\\\/schema.org\",\"@graph\":[{\"@type\":\"WebPage\",\"@id\":\"https:\\\/\\\/www.city-bird.com\\\/reserver-taxi-moto-goldwing-marseille-citybird\\\/\",\"url\":\"https:\\\/\\\/www.city-bird.com\\\/reserver-taxi-moto-goldwing-marseille-citybird\\\/\",\"name\":\"Commander Taxi Moto Marseille Goldwing - Citybird\",\"isPartOf\":{\"@id\":\"https:\\\/\\\/www.city-bird.com\\\/#website\"},\"primaryImageOfPage\":{\"@id\":\"https:\\\/\\\/www.city-bird.com\\\/reserver-taxi-moto-goldwing-marseille-citybird\\\/#primaryimage\"},\"image\":{\"@id\":\"https:\\\/\\\/www.city-bird.com\\\/reserver-taxi-moto-goldwing-marseille-citybird\\\/#primaryimage\"},\"thumbnailUrl\":\"https:\\\/\\\/www.city-bird.com\\\/wp-content\\\/uploads\\\/2019\\\/09\\\/2_EQUIPEMENTS-MOTO-1-300x212.png\",\"datePublished\":\"2020-11-18T13:26:54+00:00\",\"dateModified\":\"2024-05-15T08:49:23+00:00\",\"description\":\"Commandez votre chauffeur en taxi moto Honda Goldwing et d\u00e9placez-vous rapidement et simplement vers les a\u00e9roports en un temps d\u00e9termin\u00e9 !\",\"breadcrumb\":{\"@id\":\"https:\\\/\\\/www.city-bird.com\\\/reserver-taxi-moto-goldwing-marseille-citybird\\\/#breadcrumb\"},\"inLanguage\":\"en-GB\",\"potentialAction\":[{\"@type\":\"ReadAction\",\"target\":[\"https:\\\/\\\/www.city-bird.com\\\/reserver-taxi-moto-goldwing-marseille-citybird\\\/\"]}]},{\"@type\":\"ImageObject\",\"inLanguage\":\"en-GB\",\"@id\":\"https:\\\/\\\/www.city-bird.com\\\/reserver-taxi-moto-goldwing-marseille-citybird\\\/#primaryimage\",\"url\":\"https:\\\/\\\/www.city-bird.com\\\/wp-content\\\/uploads\\\/2019\\\/09\\\/2_EQUIPEMENTS-MOTO-1-300x212.png\",\"contentUrl\":\"https:\\\/\\\/www.city-bird.com\\\/wp-content\\\/uploads\\\/2019\\\/09\\\/2_EQUIPEMENTS-MOTO-1-300x212.png\"},{\"@type\":\"BreadcrumbList\",\"@id\":\"https:\\\/\\\/www.city-bird.com\\\/reserver-taxi-moto-goldwing-marseille-citybird\\\/#breadcrumb\",\"itemListElement\":[{\"@type\":\"ListItem\",\"position\":1,\"name\":\"Accueil\",\"item\":\"https:\\\/\\\/www.city-bird.com\\\/\"},{\"@type\":\"ListItem\",\"position\":2,\"name\":\"R\u00e9server Taxi Moto Goldwing Marseille &#8211; Citybird\"}]},{\"@type\":\"WebSite\",\"@id\":\"https:\\\/\\\/www.city-bird.com\\\/#website\",\"url\":\"https:\\\/\\\/www.city-bird.com\\\/\",\"name\":\"CityBird\",\"description\":\"\",\"publisher\":{\"@id\":\"https:\\\/\\\/www.city-bird.com\\\/#organization\"},\"potentialAction\":[{\"@type\":\"SearchAction\",\"target\":{\"@type\":\"EntryPoint\",\"urlTemplate\":\"https:\\\/\\\/www.city-bird.com\\\/?s={search_term_string}\"},\"query-input\":{\"@type\":\"PropertyValueSpecification\",\"valueRequired\":true,\"valueName\":\"search_term_string\"}}],\"inLanguage\":\"en-GB\"},{\"@type\":\"Organization\",\"@id\":\"https:\\\/\\\/www.city-bird.com\\\/#organization\",\"name\":\"CityBird\",\"url\":\"https:\\\/\\\/www.city-bird.com\\\/\",\"logo\":{\"@type\":\"ImageObject\",\"inLanguage\":\"en-GB\",\"@id\":\"https:\\\/\\\/www.city-bird.com\\\/#\\\/schema\\\/logo\\\/image\\\/\",\"url\":\"https:\\\/\\\/www.city-bird.com\\\/wp-content\\\/uploads\\\/2020\\\/04\\\/logo_rond.png\",\"contentUrl\":\"https:\\\/\\\/www.city-bird.com\\\/wp-content\\\/uploads\\\/2020\\\/04\\\/logo_rond.png\",\"width\":400,\"height\":400,\"caption\":\"CityBird\"},\"image\":{\"@id\":\"https:\\\/\\\/www.city-bird.com\\\/#\\\/schema\\\/logo\\\/image\\\/\"},\"sameAs\":[\"https:\\\/\\\/www.facebook.com\\\/officielcitybird\\\/\",\"https:\\\/\\\/www.instagram.com\\\/citybird_fr\\\/?hl=fr\",\"https:\\\/\\\/www.linkedin.com\\\/company\\\/felixcitybird\\\/about\\\/\"]}]}<\/script>\n<!-- \/ Yoast SEO plugin. -->","yoast_head_json":{"title":"Commander Taxi Moto Marseille Goldwing - Citybird","description":"Order your Honda Goldwing motorcycle taxi driver and move quickly and easily to airports","robots":{"index":"index","follow":"follow","max-snippet":"max-snippet:-1","max-image-preview":"max-image-preview:large","max-video-preview":"max-video-preview:-1"},"canonical":"https:\/\/www.city-bird.com\/en\/reserver-taxi-moto-goldwing-marseille-citybird\/","og_locale":"en_GB","og_type":"article","og_title":"Commander Taxi Moto Marseille Goldwing - Citybird","og_description":"Commandez votre chauffeur en taxi moto Honda Goldwing et d\u00e9placez-vous rapidement et simplement vers les a\u00e9roports en un temps d\u00e9termin\u00e9 !","og_url":"https:\/\/www.city-bird.com\/en\/reserver-taxi-moto-goldwing-marseille-citybird\/","og_site_name":"CityBird","article_publisher":"https:\/\/www.facebook.com\/officielcitybird\/","article_modified_time":"2024-05-15T08:49:23+00:00","og_image":[{"url":"https:\/\/www.city-bird.com\/wp-content\/uploads\/2019\/09\/2_EQUIPEMENTS-MOTO-1-300x212.png","type":"","width":"","height":""}],"twitter_card":"summary_large_image","twitter_misc":{"Estimated reading time":"3 minutes"},"schema":{"@context":"https:\/\/schema.org","@graph":[{"@type":"WebPage","@id":"https:\/\/www.city-bird.com\/reserver-taxi-moto-goldwing-marseille-citybird\/","url":"https:\/\/www.city-bird.com\/reserver-taxi-moto-goldwing-marseille-citybird\/","name":"Commander Taxi Moto Marseille Goldwing - Citybird","isPartOf":{"@id":"https:\/\/www.city-bird.com\/#website"},"primaryImageOfPage":{"@id":"https:\/\/www.city-bird.com\/reserver-taxi-moto-goldwing-marseille-citybird\/#primaryimage"},"image":{"@id":"https:\/\/www.city-bird.com\/reserver-taxi-moto-goldwing-marseille-citybird\/#primaryimage"},"thumbnailUrl":"https:\/\/www.city-bird.com\/wp-content\/uploads\/2019\/09\/2_EQUIPEMENTS-MOTO-1-300x212.png","datePublished":"2020-11-18T13:26:54+00:00","dateModified":"2024-05-15T08:49:23+00:00","description":"Order your Honda Goldwing motorcycle taxi driver and move quickly and easily to airports","breadcrumb":{"@id":"https:\/\/www.city-bird.com\/reserver-taxi-moto-goldwing-marseille-citybird\/#breadcrumb"},"inLanguage":"en-GB","potentialAction":[{"@type":"ReadAction","target":["https:\/\/www.city-bird.com\/reserver-taxi-moto-goldwing-marseille-citybird\/"]}]},{"@type":"ImageObject","inLanguage":"en-GB","@id":"https:\/\/www.city-bird.com\/reserver-taxi-moto-goldwing-marseille-citybird\/#primaryimage","url":"https:\/\/www.city-bird.com\/wp-content\/uploads\/2019\/09\/2_EQUIPEMENTS-MOTO-1-300x212.png","contentUrl":"https:\/\/www.city-bird.com\/wp-content\/uploads\/2019\/09\/2_EQUIPEMENTS-MOTO-1-300x212.png"},{"@type":"BreadcrumbList","@id":"https:\/\/www.city-bird.com\/reserver-taxi-moto-goldwing-marseille-citybird\/#breadcrumb","itemListElement":[{"@type":"ListItem","position":1,"name":"Accueil","item":"https:\/\/www.city-bird.com\/"},{"@type":"ListItem","position":2,"name":"R\u00e9server Taxi Moto Goldwing Marseille &#8211; Citybird"}]},{"@type":"WebSite","@id":"https:\/\/www.city-bird.com\/#website","url":"https:\/\/www.city-bird.com\/","name":"CityBird","description":"","publisher":{"@id":"https:\/\/www.city-bird.com\/#organization"},"potentialAction":[{"@type":"SearchAction","target":{"@type":"EntryPoint","urlTemplate":"https:\/\/www.city-bird.com\/?s={search_term_string}"},"query-input":{"@type":"PropertyValueSpecification","valueRequired":true,"valueName":"search_term_string"}}],"inLanguage":"en-GB"},{"@type":"Organization","@id":"https:\/\/www.city-bird.com\/#organization","name":"CityBird","url":"https:\/\/www.city-bird.com\/","logo":{"@type":"ImageObject","inLanguage":"en-GB","@id":"https:\/\/www.city-bird.com\/#\/schema\/logo\/image\/","url":"https:\/\/www.city-bird.com\/wp-content\/uploads\/2020\/04\/logo_rond.png","contentUrl":"https:\/\/www.city-bird.com\/wp-content\/uploads\/2020\/04\/logo_rond.png","width":400,"height":400,"caption":"CityBird"},"image":{"@id":"https:\/\/www.city-bird.com\/#\/schema\/logo\/image\/"},"sameAs":["https:\/\/www.facebook.com\/officielcitybird\/","https:\/\/www.instagram.com\/citybird_fr\/?hl=fr","https:\/\/www.linkedin.com\/company\/felixcitybird\/about\/"]}]}},"_links":{"self":[{"href":"https:\/\/www.city-bird.com\/en\/wp-json\/wp\/v2\/pages\/7554","targetHints":{"allow":["GET"]}}],"collection":[{"href":"https:\/\/www.city-bird.com\/en\/wp-json\/wp\/v2\/pages"}],"about":[{"href":"https:\/\/www.city-bird.com\/en\/wp-json\/wp\/v2\/types\/page"}],"author":[{"embeddable":true,"href":"https:\/\/www.city-bird.com\/en\/wp-json\/wp\/v2\/users\/8"}],"replies":[{"embeddable":true,"href":"https:\/\/www.city-bird.com\/en\/wp-json\/wp\/v2\/comments?post=7554"}],"version-history":[{"count":8,"href":"https:\/\/www.city-bird.com\/en\/wp-json\/wp\/v2\/pages\/7554\/revisions"}],"predecessor-version":[{"id":7564,"href":"https:\/\/www.city-bird.com\/en\/wp-json\/wp\/v2\/pages\/7554\/revisions\/7564"}],"wp:attachment":[{"href":"https:\/\/www.city-bird.com\/en\/wp-json\/wp\/v2\/media?parent=7554"}],"curies":[{"name":"wp","href":"https:\/\/api.w.org\/{rel}","templated":true}]}}